{"id":1502,"date":"2022-03-22T21:59:01","date_gmt":"2022-03-22T20:59:01","guid":{"rendered":"https:\/\/parafiakrywald.pl\/?page_id=1502"},"modified":"2026-01-30T15:56:49","modified_gmt":"2026-01-30T14:56:49","slug":"pogrzeby","status":"publish","type":"page","link":"http:\/\/parafiakrywald.pl\/?page_id=1502","title":{"rendered":"Pogrzeby"},"content":{"rendered":"\t\t<div data-elementor-type=\"wp-page\" data-elementor-id=\"1502\" class=\"elementor elementor-1502\">\n\t\t\t\t\t\t<section class=\"elementor-section elementor-top-section elementor-element elementor-element-32e1ffb elementor-section-boxed elementor-section-height-default elementor-section-height-default\" data-id=\"32e1ffb\" data-element_type=\"section\">\n\t\t\t\t\t\t<div class=\"elementor-container elementor-column-gap-default\">\n\t\t\t\t\t<div class=\"elementor-column elementor-col-100 elementor-top-column elementor-element elementor-element-a778fbb\" data-id=\"a778fbb\" data-element_type=\"column\">\n\t\t\t<div class=\"elementor-widget-wrap elementor-element-populated\">\n\t\t\t\t\t\t<div class=\"elementor-element elementor-element-ab3da28 elementor-widget elementor-widget-text-editor\" data-id=\"ab3da28\" data-element_type=\"widget\" data-widget_type=\"text-editor.default\">\n\t\t\t\t<div class=\"elementor-widget-container\">\n\t\t\t\t\t\t\t<h1 style=\"text-align: center;\"><span style=\"color: #ffffff;\"><strong>Pogrzeby:\u00a0<\/strong><\/span><\/h1>\t\t\t\t\t\t<\/div>\n\t\t\t\t<\/div>\n\t\t\t\t<div class=\"elementor-element elementor-element-67226f8 elementor-widget elementor-widget-text-editor\" data-id=\"67226f8\" data-element_type=\"widget\" data-widget_type=\"text-editor.default\">\n\t\t\t\t<div class=\"elementor-widget-container\">\n\t\t\t\t\t\t\t<div><div class=\"x78zum5 xdt5ytf\" data-virtualized=\"false\"><div class=\"x9f619 x1n2onr6 x1ja2u2z\"><div><div><div class=\"__fb-dark-mode x1n2onr6\" role=\"row\"><div><div class=\"x78zum5 xdt5ytf x1n2onr6\" tabindex=\"0\" role=\"gridcell\" data-release-focus-from=\"CLICK\" data-scope=\"messages_table\"><div class=\"html-div xdj266r x14z9mp xat24cr x1lziwak xexx8yu xyri2b x18d9i69 x1c1uobl x78zum5 x1eb86dx\"><div class=\"html-div xdj266r x14z9mp xat24cr x1lziwak xexx8yu xyri2b x18d9i69 x1c1uobl xeuugli x1vjfegm\"><div><div class=\"html-div xdj266r x14z9mp xat24cr x1lziwak xexx8yu xyri2b x18d9i69 x1c1uobl x78zum5 xh8yej3\" role=\"presentation\"><div class=\"x1cy8zhl x78zum5 xdt5ytf x193iq5w x1n2onr6 x1kxipp6\"><div class=\"x78zum5 xh8yej3\" role=\"none\"><div class=\"html-div xdj266r x14z9mp xat24cr x1lziwak xexx8yu xyri2b x18d9i69 x1c1uobl x6ikm8r x10wlt62\"><div class=\"html-div xdj266r x14z9mp xat24cr x1lziwak x14ctfv x13sv91t x6ikm8r x10wlt62 xerhiuh x1pn3fxy x10zy8in xm9bcq3 x1n2onr6 x1vjfegm x1k4qllp x1mzt3pk x13faqbe x1xr0vuk x1jm4cbz x114wg8e xrrpcnn x14rx4xb x13fuv20 x18b5jzi x1q0q8m5 x1t7ytsu x19livfd x1h2krnu x3p3xfz xet2kk3 x1lu5o8o x1ou5ly4 xofb2d2 xjwep3j\" role=\"presentation\"><div class=\"html-div xexx8yu xyri2b x18d9i69 x1c1uobl x1gslohp x14z9mp x12nagc x1lziwak x1yc453h x126k92a x18lvrbx\" dir=\"auto\"><div><div class=\"x78zum5 xdt5ytf\" data-virtualized=\"false\"><div class=\"x9f619 x1n2onr6 x1ja2u2z\"><div><div><div class=\"__fb-dark-mode x1n2onr6\" role=\"row\"><div><div class=\"x78zum5 xdt5ytf x1n2onr6\" tabindex=\"0\" role=\"gridcell\" data-release-focus-from=\"CLICK\" data-scope=\"messages_table\"><div class=\"html-div xdj266r x14z9mp xat24cr x1lziwak xexx8yu xyri2b x18d9i69 x1c1uobl x78zum5 x1eb86dx\"><div class=\"html-div xdj266r x14z9mp xat24cr x1lziwak xexx8yu xyri2b x18d9i69 x1c1uobl xeuugli x1vjfegm\"><div><div class=\"html-div xdj266r x14z9mp xat24cr x1lziwak xexx8yu xyri2b x18d9i69 x1c1uobl x78zum5 xh8yej3\" role=\"presentation\"><div class=\"x1cy8zhl x78zum5 xdt5ytf x193iq5w x1n2onr6 x1kxipp6\"><div class=\"x78zum5 xh8yej3\" role=\"none\"><div class=\"html-div xdj266r x14z9mp xat24cr x1lziwak xexx8yu xyri2b x18d9i69 x1c1uobl x6ikm8r x10wlt62\"><div class=\"html-div xdj266r x14z9mp xat24cr x1lziwak x14ctfv x13sv91t x6ikm8r x10wlt62 xerhiuh x1pn3fxy x10zy8in xm9bcq3 x1n2onr6 x1vjfegm x1k4qllp x1mzt3pk x13faqbe x1xr0vuk x1jm4cbz x114wg8e xrrpcnn x14rx4xb x13fuv20 x18b5jzi x1q0q8m5 x1t7ytsu x19livfd x1h2krnu x3p3xfz xet2kk3 x1lu5o8o x1ou5ly4 xofb2d2 xjwep3j\" role=\"presentation\"><div class=\"html-div xexx8yu xyri2b x18d9i69 x1c1uobl x1gslohp x14z9mp x12nagc x1lziwak x1yc453h x126k92a x18lvrbx\" dir=\"auto\"><h3 style=\"text-align: center;\"><span style=\"color: #ffffff;\"><strong>+ Danuta Kinastowska zamieszka\u0142a przy ulicy Rybnickiej. <\/strong><\/span><\/h3><h3 style=\"text-align: center;\"><span style=\"color: #ffffff;\"><strong>Pogrzeb odb\u0119dzie si\u0119 w czwartek, 5 lutego 2026r. o godzinie 10:00.<\/strong><\/span><\/h3><h3 style=\"text-align: center;\"><span style=\"color: #ffffff;\"><strong>Modlitwy za zmar\u0142\u0105 od 9:15 w ko\u015bciele.<\/strong><\/span><\/h3><h3 style=\"text-align: center;\"><span style=\"color: #ffffff;\"><strong>++++++++++++++++++++++++++++++++++++++++++++++++++++++++++++++++++++++++++++++++++++++++++++++<\/strong><\/span><\/h3><\/div><\/div><\/div><\/div><\/div><\/div><\/div><\/div><\/div><\/div><\/div><\/div><\/div><\/div><\/div><\/div><\/div><\/div><\/div><\/div><\/div><\/div><\/div><\/div><\/div><\/div><\/div><\/div><\/div><\/div><\/div><\/div><\/div><\/div>\t\t\t\t\t\t<\/div>\n\t\t\t\t<\/div>\n\t\t\t\t<div class=\"elementor-element elementor-element-6d1f60e elementor-widget elementor-widget-text-editor\" data-id=\"6d1f60e\" data-element_type=\"widget\" data-widget_type=\"text-editor.default\">\n\t\t\t\t<div class=\"elementor-widget-container\">\n\t\t\t\t\t\t\t<div class=\"html-div xdj266r x14z9mp xat24cr x1lziwak xexx8yu xyri2b x18d9i69 x1c1uobl xeuugli x1vjfegm\"><div><div class=\"html-div xdj266r x14z9mp xat24cr x1lziwak xexx8yu xyri2b x18d9i69 x1c1uobl x78zum5 xh8yej3\" role=\"presentation\"><div class=\"x1cy8zhl x78zum5 xdt5ytf x193iq5w x1n2onr6 x1kxipp6\"><div class=\"x78zum5 xh8yej3\" role=\"none\"><div class=\"html-div xdj266r x14z9mp xat24cr x1lziwak xexx8yu xyri2b x18d9i69 x1c1uobl x6ikm8r x10wlt62\"><div class=\"html-div xdj266r x14z9mp xat24cr x1lziwak x14ctfv x13sv91t x6ikm8r x10wlt62 xerhiuh x1pn3fxy x10zy8in xm9bcq3 x1n2onr6 x1vjfegm x1k4qllp x1mzt3pk x13faqbe x1xr0vuk x1jm4cbz x114wg8e xrrpcnn x14rx4xb x13fuv20 x18b5jzi x1q0q8m5 x1t7ytsu x19livfd x1h2krnu x3p3xfz xet2kk3 xaymx6s x1lu5o8o x1ou5ly4 x1pczhz8\" role=\"presentation\"><div class=\"html-div xexx8yu xyri2b x18d9i69 x1c1uobl x1gslohp x14z9mp x12nagc x1lziwak x1yc453h x126k92a x18lvrbx\" dir=\"auto\"><h3 style=\"text-align: center;\"><span style=\"color: #ffffff;\"><strong>+ Zbigniew Niezgoda zamieszka\u0142y przy ulicy Kr\u00f3tkiej.<br \/>Pogrzeb odb\u0119dzie si\u0119 w \u015brod\u0119, 4 lutego 2026r. o godzinie 10:00.<\/strong><\/span><\/h3><h3 style=\"text-align: center;\"><span style=\"color: #ffffff;\"><strong> Modlitwy za zmar\u0142ego od 9:15 w ko\u015bciele.<\/strong><\/span><\/h3><h3 style=\"text-align: center;\"><span style=\"color: #ffffff;\"><strong>++++++++++++++++++++++++++++++++++++++++++++++++++++++++++++++++++++++++++++++++++++++++++++++<\/strong><\/span><\/h3><\/div><\/div><\/div><\/div><\/div><\/div><\/div><\/div>\t\t\t\t\t\t<\/div>\n\t\t\t\t<\/div>\n\t\t\t\t<div class=\"elementor-element elementor-element-91b9da8 elementor-widget elementor-widget-text-editor\" data-id=\"91b9da8\" data-element_type=\"widget\" data-widget_type=\"text-editor.default\">\n\t\t\t\t<div class=\"elementor-widget-container\">\n\t\t\t\t\t\t\t<h3 style=\"text-align: center;\"><span style=\"color: #ffffff;\"><strong>+ \u0141ucja Dusza, zamieszka\u0142a na ulicy Rybnickiej.<\/strong><\/span><br \/><span style=\"color: #ffffff;\"><strong>Pogrzeb odb\u0119dzie si\u0119 we wtorek 20 stycznia 2026r. o godzinie 10:30<\/strong><\/span><br \/><span style=\"color: #ffffff;\"><strong>Modlitwy za zmar\u0142\u0105 od godz. 9:45 w ko\u015bciele.<\/strong><\/span><\/h3><h3 style=\"text-align: center;\"><span style=\"color: #ffffff;\"><strong>++++++++++++++++++++++++++++++++++++++++++++++++++++++++++++++++++++++++++++++++++++++++++++++<\/strong><\/span><\/h3>\t\t\t\t\t\t<\/div>\n\t\t\t\t<\/div>\n\t\t\t\t<div class=\"elementor-element elementor-element-f664041 elementor-widget elementor-widget-text-editor\" data-id=\"f664041\" data-element_type=\"widget\" data-widget_type=\"text-editor.default\">\n\t\t\t\t<div class=\"elementor-widget-container\">\n\t\t\t\t\t\t\t<h3 style=\"text-align: center;\"><strong><span style=\"color: #ffffff;\">+ Andrzej Pach, zamieszka\u0142y przy ulicy Sadowej.<br>Pogrzeb odb\u0119dzie si\u0119 w \u015brod\u0119 12 listopada 2025r. o godzinie 13:00. <br>Modlitwy za zmar\u0142ego od 12:15 w ko\u015bciele.<br><\/span><\/strong><span style=\"font-weight: 700; color: rgb(255, 255, 255); font-size: 1.18182rem;\">++++++++++++++++++++++++++++++++++++++++++++++++++++++++++++++++++++++++++++++++++++++++++++++<\/span><\/h3>\t\t\t\t\t\t<\/div>\n\t\t\t\t<\/div>\n\t\t\t\t<div class=\"elementor-element elementor-element-175a747 elementor-widget elementor-widget-text-editor\" data-id=\"175a747\" data-element_type=\"widget\" data-widget_type=\"text-editor.default\">\n\t\t\t\t<div class=\"elementor-widget-container\">\n\t\t\t\t\t\t\t<h3 style=\"text-align: center;\"><span style=\"color: #ffffff;\"><strong>+ Franciszek Orchowski, zamieszka\u0142y na ulicy Michalskiego. <\/strong><\/span><br \/><span style=\"color: #ffffff;\"><strong>Pogrzeb odb\u0119dzie si\u0119 w \u015brod\u0119 22 pa\u017adziernika 2025r. <\/strong><\/span><br \/><span style=\"color: #ffffff;\"><strong>Msza \u015awi\u0119ta pogrzebowa zostanie odprawiona w kaplicy na cmentarzu przy ulicy Rakoniewskiego.<\/strong><\/span><\/h3><h3 style=\"text-align: center;\">\u00a0<\/h3><h3 style=\"text-align: center;\"><span style=\"color: #ffffff;\"><strong>++++++++++++++++++++++++++++++++++++++++++++++++++++++++++++++++++++++++++++++++++++++++++++++<\/strong><\/span><\/h3><h3 style=\"text-align: center;\"><span style=\"color: #ffffff;\"><strong>+ Maria Wa\u015bkowska, zamieszka\u0142a niegdy\u015b na ulicy Powsta\u0144c\u00f3w. <\/strong><\/span><br \/><span style=\"color: #ffffff;\"><strong>Pogrzeb odb\u0119dzie si\u0119 w pi\u0105tek 24 pa\u017adziernika 2025r. o godzinie 10:00 w naszym ko\u015bciele. <\/strong><\/span><br \/><span style=\"color: #ffffff;\"><strong>Modlitwy za zmar\u0142\u0105 p\u00f3\u0142 godziny przed Msz\u0105 \u015awi\u0119t\u0105 pogrzebow\u0105.<\/strong><\/span><\/h3><h3 style=\"text-align: center;\">\u00a0<\/h3><h3 style=\"text-align: center;\"><span style=\"color: #ffffff;\"><strong>++++++++++++++++++++++++++++++++++++++++++++++++++++++++++++++++++++++++++++++++++++++++++++++<\/strong><\/span><\/h3><h3 style=\"text-align: center;\"><span style=\"color: #ffffff;\"><strong>+ Irena O\u0142owska, zamieszka\u0142a na ulicy Powsta\u0144c\u00f3w.<\/strong><\/span><br \/><span style=\"color: #ffffff;\"><strong>Pogrzeb odb\u0119dzie si\u0119 w pi\u0105tek 24 pa\u017adziernika 2025r. o godzinie 12:00 w naszym ko\u015bciele. <\/strong><\/span><br \/><span style=\"color: #ffffff;\"><strong>Modlitwy za zmar\u0142\u0105 p\u00f3\u0142 godziny przed Msz\u0105 \u015awi\u0119t\u0105 pogrzebow\u0105.<\/strong><\/span><\/h3><h3 style=\"text-align: center;\">\u00a0<\/h3><h3 style=\"text-align: center;\"><span style=\"color: #ffffff;\"><strong>++++++++++++++++++++++++++++++++++++++++++++++++++++++++++++++++++++++++++++++++++++++++++++++<\/strong><\/span><\/h3><h3 style=\"text-align: center;\"><span style=\"color: #ffffff;\"><strong>+ Wolfgang Weiler, zamieszka\u0142y przy ulicy Rybnickiej.<\/strong><\/span><br \/><span style=\"color: #ffffff;\"><strong>Pogrzeb odb\u0119dzie si\u0119 w \u015brod\u0119 27 sierpnia 2025r. o godzinie 10:00.<\/strong><\/span><br \/><span style=\"color: #ffffff;\"><strong>Modlitwy za zmar\u0142ego p\u00f3\u0142 godziny przed Msz\u0105 \u015awi\u0119t\u0105 pogrzebow\u0105.<\/strong><\/span><\/h3><h3 style=\"text-align: center;\">\u00a0<\/h3><h3 style=\"text-align: center;\"><span style=\"color: #ffffff;\"><strong>++++++++++++++++++++++++++++++++++++++++++++++++++++++++++++++++++++++++++++++++++++++++++++++<\/strong><\/span><\/h3><h3 style=\"text-align: center;\"><span style=\"color: #ffffff;\"><strong>+ Agnieszka Zieli\u0144ska, zamieszka\u0142a przy ulicy Zwyci\u0119stwa.<\/strong><\/span><br \/><span style=\"color: #ffffff;\"><strong>Pogrzeb odb\u0119dzie si\u0119 w \u015brod\u0119 9 lipca 2025r. o godzinie 13:00.<\/strong><\/span><br \/><span style=\"color: #ffffff;\"><strong>Modlitwy za zmar\u0142\u0105 p\u00f3\u0142 godziny przed Msz\u0105 \u015awi\u0119t\u0105 pogrzebow\u0105.\u00a0<\/strong><\/span><\/h3><h3 style=\"text-align: center;\">\u00a0<\/h3><h3 style=\"text-align: center;\"><span style=\"color: #ffffff;\"><strong>++++++++++++++++++++++++++++++++++++++++++++++++++++++++++++++++++++++++++++++++++++++++++++++<\/strong><\/span><\/h3><h3 style=\"text-align: center;\"><span style=\"color: #ffffff;\"><strong>Wieczny odpoczynek racz im da\u0107, Panie,<\/strong><\/span><br \/><span style=\"color: #ffffff;\"><strong>A \u015bwiat\u0142o\u015b\u0107 wiekuista niechaj im \u015bwieci.<\/strong><\/span><br \/><span style=\"color: #ffffff;\"><strong>Niech odpoczywaj\u0105 w pokoju wiecznym.<\/strong><\/span><br \/><span style=\"color: #ffffff;\"><strong>Amen.<\/strong><\/span><\/h3><h3 style=\"text-align: center;\"><span style=\"color: #ffffff;\"><strong>++++++++++++++++++++++++++++++++++++++++++++++++++++++++++++++++++++++++++++++++++++++++++++++z\u00a0<\/strong><\/span><\/h3>\t\t\t\t\t\t<\/div>\n\t\t\t\t<\/div>\n\t\t\t\t\t<\/div>\n\t\t<\/div>\n\t\t\t\t\t<\/div>\n\t\t<\/section>\n\t\t\t\t<\/div>\n\t\t","protected":false},"excerpt":{"rendered":"<p>Pogrzeby:\u00a0 + Danuta Kinastowska zamieszka\u0142a przy ulicy Rybnickiej. Pogrzeb odb\u0119dzie si\u0119 w czwartek, 5 lutego 2026r. o godzinie 10:00. Modlitwy za zmar\u0142\u0105 od 9:15 w ko\u015bciele. ++++++++++++++++++++++++++++++++++++++++++++++++++++++++++++++++++++++++++++++++++++++++++++++ + Zbigniew Niezgoda zamieszka\u0142y przy ulicy Kr\u00f3tkiej.Pogrzeb odb\u0119dzie si\u0119 w \u015brod\u0119, 4 lutego 2026r. o godzinie 10:00. Modlitwy za zmar\u0142ego od 9:15 w ko\u015bciele. ++++++++++++++++++++++++++++++++++++++++++++++++++++++++++++++++++++++++++++++++++++++++++++++ + \u0141ucja Dusza, [&hellip;]<\/p>\n","protected":false},"author":1,"featured_media":0,"parent":0,"menu_order":0,"comment_status":"closed","ping_status":"closed","template":"elementor_header_footer","meta":{"site-sidebar-layout":"no-sidebar","site-content-layout":"plain-container","ast-site-content-layout":"","site-content-style":"default","site-sidebar-style":"default","ast-global-header-display":"","ast-banner-title-visibility":"","ast-main-header-display":"","ast-hfb-above-header-display":"","ast-hfb-below-header-display":"","ast-hfb-mobile-header-display":"","site-post-title":"disabled","ast-breadcrumbs-content":"","ast-featured-img":"disabled","footer-sml-layout":"","theme-transparent-header-meta":"default","adv-header-id-meta":"","stick-header-meta":"","header-above-stick-meta":"","header-main-stick-meta":"","header-below-stick-meta":"","astra-migrate-meta-layouts":"default","ast-page-background-enabled":"default","ast-page-background-meta":{"desktop":{"background-color":"","background-image":"","background-repeat":"repeat","background-position":"center center","background-size":"auto","background-attachment":"scroll","background-type":"","background-media":"","overlay-type":"","overlay-color":"","overlay-opacity":"","overlay-gradient":""},"tablet":{"background-color":"","background-image":"","background-repeat":"repeat","background-position":"center center","background-size":"auto","background-attachment":"scroll","background-type":"","background-media":"","overlay-type":"","overlay-color":"","overlay-opacity":"","overlay-gradient":""},"mobile":{"background-color":"","background-image":"","background-repeat":"repeat","background-position":"center center","background-size":"auto","background-attachment":"scroll","background-type":"","background-media":"","overlay-type":"","overlay-color":"","overlay-opacity":"","overlay-gradient":""}},"ast-content-background-meta":{"desktop":{"background-color":"var(--ast-global-color-5)","background-image":"","background-repeat":"repeat","background-position":"center center","background-size":"auto","background-attachment":"scroll","background-type":"","background-media":"","overlay-type":"","overlay-color":"","overlay-opacity":"","overlay-gradient":""},"tablet":{"background-color":"var(--ast-global-color-5)","background-image":"","background-repeat":"repeat","background-position":"center center","background-size":"auto","background-attachment":"scroll","background-type":"","background-media":"","overlay-type":"","overlay-color":"","overlay-opacity":"","overlay-gradient":""},"mobile":{"background-color":"var(--ast-global-color-5)","background-image":"","background-repeat":"repeat","background-position":"center center","background-size":"auto","background-attachment":"scroll","background-type":"","background-media":"","overlay-type":"","overlay-color":"","overlay-opacity":"","overlay-gradient":""}},"footnotes":""},"class_list":["post-1502","page","type-page","status-publish","hentry"],"_links":{"self":[{"href":"http:\/\/parafiakrywald.pl\/index.php?rest_route=\/wp\/v2\/pages\/1502","targetHints":{"allow":["GET"]}}],"collection":[{"href":"http:\/\/parafiakrywald.pl\/index.php?rest_route=\/wp\/v2\/pages"}],"about":[{"href":"http:\/\/parafiakrywald.pl\/index.php?rest_route=\/wp\/v2\/types\/page"}],"author":[{"embeddable":true,"href":"http:\/\/parafiakrywald.pl\/index.php?rest_route=\/wp\/v2\/users\/1"}],"replies":[{"embeddable":true,"href":"http:\/\/parafiakrywald.pl\/index.php?rest_route=%2Fwp%2Fv2%2Fcomments&post=1502"}],"version-history":[{"count":64,"href":"http:\/\/parafiakrywald.pl\/index.php?rest_route=\/wp\/v2\/pages\/1502\/revisions"}],"predecessor-version":[{"id":3376,"href":"http:\/\/parafiakrywald.pl\/index.php?rest_route=\/wp\/v2\/pages\/1502\/revisions\/3376"}],"wp:attachment":[{"href":"http:\/\/parafiakrywald.pl\/index.php?rest_route=%2Fwp%2Fv2%2Fmedia&parent=1502"}],"curies":[{"name":"wp","href":"https:\/\/api.w.org\/{rel}","templated":true}]}}