{"id":28,"date":"2021-05-09T22:32:03","date_gmt":"2021-05-09T20:32:03","guid":{"rendered":"http:\/\/parafiakrywald.pl\/?page_id=28"},"modified":"2022-03-22T22:12:23","modified_gmt":"2022-03-22T21:12:23","slug":"duszpasterze","status":"publish","type":"page","link":"http:\/\/parafiakrywald.pl\/?page_id=28","title":{"rendered":"Duszpasterze"},"content":{"rendered":"\t\t<div data-elementor-type=\"wp-page\" data-elementor-id=\"28\" class=\"elementor elementor-28\">\n\t\t\t\t\t\t<section class=\"elementor-section elementor-top-section elementor-element elementor-element-dc8908f elementor-section-boxed elementor-section-height-default elementor-section-height-default\" data-id=\"dc8908f\" data-element_type=\"section\">\n\t\t\t\t\t\t<div class=\"elementor-container elementor-column-gap-default\">\n\t\t\t\t\t<div class=\"elementor-column elementor-col-100 elementor-top-column elementor-element elementor-element-7f63397\" data-id=\"7f63397\" data-element_type=\"column\">\n\t\t\t<div class=\"elementor-widget-wrap elementor-element-populated\">\n\t\t\t\t\t\t<div class=\"elementor-element elementor-element-4421adc elementor-widget elementor-widget-heading\" data-id=\"4421adc\" data-element_type=\"widget\" data-widget_type=\"heading.default\">\n\t\t\t\t<div class=\"elementor-widget-container\">\n\t\t\t<h2 class=\"elementor-heading-title elementor-size-default\">Proboszczowie Parafii Krywa\u0142d<\/h2>\t\t<\/div>\n\t\t\t\t<\/div>\n\t\t\t\t<section class=\"elementor-section elementor-inner-section elementor-element elementor-element-5a84820 elementor-section-boxed elementor-section-height-default elementor-section-height-default\" data-id=\"5a84820\" data-element_type=\"section\">\n\t\t\t\t\t\t<div class=\"elementor-container elementor-column-gap-default\">\n\t\t\t\t\t<div class=\"elementor-column elementor-col-50 elementor-inner-column elementor-element elementor-element-f6f37fd\" data-id=\"f6f37fd\" data-element_type=\"column\">\n\t\t\t<div class=\"elementor-widget-wrap elementor-element-populated\">\n\t\t\t\t\t\t<div class=\"elementor-element elementor-element-56877e6 elementor-widget elementor-widget-text-editor\" data-id=\"56877e6\" data-element_type=\"widget\" data-widget_type=\"text-editor.default\">\n\t\t\t\t<div class=\"elementor-widget-container\">\n\t\t\t\t\t\t\t<p>Ks. Marek Kamie\u0144ski &#8211; proboszcz parafii od 26 VII 2003 r. Urodzi\u0142 si\u0119 w 11 kwietnia 1959 r. Uko\u0144czy\u0142 Wy\u017csze \u015al\u0105skie Seminarium Duchowne w Katowicach. \u015awi\u0119cenia kap\u0142a\u0144skie przyj\u0105\u0142 4 kwietnia 1985 r. z r\u0105k ks. biskupa Herberta Bednorza.<\/p>\t\t\t\t\t\t<\/div>\n\t\t\t\t<\/div>\n\t\t\t\t\t<\/div>\n\t\t<\/div>\n\t\t\t\t<div class=\"elementor-column elementor-col-50 elementor-inner-column elementor-element elementor-element-c4bc54d\" data-id=\"c4bc54d\" data-element_type=\"column\">\n\t\t\t<div class=\"elementor-widget-wrap elementor-element-populated\">\n\t\t\t\t\t\t<div class=\"elementor-element elementor-element-a3c26b2 elementor-widget elementor-widget-image\" data-id=\"a3c26b2\" data-element_type=\"widget\" data-widget_type=\"image.default\">\n\t\t\t\t<div class=\"elementor-widget-container\">\n\t\t\t\t\t\t\t\t\t\t\t\t\t<img fetchpriority=\"high\" decoding=\"async\" width=\"465\" height=\"564\" src=\"http:\/\/parafiakrywald.pl\/wp-content\/uploads\/2021\/05\/Schowek01-1.jpg\" class=\"attachment-full size-full wp-image-747\" alt=\"\" srcset=\"http:\/\/parafiakrywald.pl\/wp-content\/uploads\/2021\/05\/Schowek01-1.jpg 465w, http:\/\/parafiakrywald.pl\/wp-content\/uploads\/2021\/05\/Schowek01-1-247x300.jpg 247w\" sizes=\"(max-width: 465px) 100vw, 465px\" \/>\t\t\t\t\t\t\t\t\t\t\t\t\t<\/div>\n\t\t\t\t<\/div>\n\t\t\t\t\t<\/div>\n\t\t<\/div>\n\t\t\t\t\t<\/div>\n\t\t<\/section>\n\t\t\t\t<div class=\"elementor-element elementor-element-7833c6e elementor-widget-divider--view-line elementor-widget elementor-widget-divider\" data-id=\"7833c6e\" data-element_type=\"widget\" data-widget_type=\"divider.default\">\n\t\t\t\t<div class=\"elementor-widget-container\">\n\t\t\t\t\t<div class=\"elementor-divider\">\n\t\t\t<span class=\"elementor-divider-separator\">\n\t\t\t\t\t\t<\/span>\n\t\t<\/div>\n\t\t\t\t<\/div>\n\t\t\t\t<\/div>\n\t\t\t\t<section class=\"elementor-section elementor-inner-section elementor-element elementor-element-2229c7f elementor-section-boxed elementor-section-height-default elementor-section-height-default\" data-id=\"2229c7f\" data-element_type=\"section\">\n\t\t\t\t\t\t<div class=\"elementor-container elementor-column-gap-default\">\n\t\t\t\t\t<div class=\"elementor-column elementor-col-50 elementor-inner-column elementor-element elementor-element-2f6e393\" data-id=\"2f6e393\" data-element_type=\"column\">\n\t\t\t<div class=\"elementor-widget-wrap elementor-element-populated\">\n\t\t\t\t\t\t<div class=\"elementor-element elementor-element-4bd6a08 elementor-widget elementor-widget-text-editor\" data-id=\"4bd6a08\" data-element_type=\"widget\" data-widget_type=\"text-editor.default\">\n\t\t\t\t<div class=\"elementor-widget-container\">\n\t\t\t\t\t\t\t<p>Ks. Stefan Gruszka &#8211; urodzi\u0142 si\u0119 12 kwietnia 1936 r. w Chorzowie. W 1950 r. wst\u0105pi\u0142 do Ni\u017cszego Seminarium Duchownego im. \u015bw. Jacka w Katowicach (w\u00f3wczas Stalinogr\u00f3d), kt\u00f3re uko\u0144czy\u0142 z\u0142o\u017ceniem egzaminu dojrza\u0142o\u015bci. W 1955 r. rozpocz\u0105\u0142 nauk\u0119 w \u015al\u0105skim Seminarium Duchownym w Krakowie. Pi\u0119\u0107 lat p\u00f3\u017aniej, z r\u0105k bp. koadiutora Herberta Bednorza, otrzyma\u0142 \u015bwi\u0119cenia kap\u0142a\u0144skie.<br \/><br \/>Pracowa\u0142 jako wikariusz w parafiach: \u015bwi\u0119tej Marii Magdaleny w Be\u0142ku, \u015bwi\u0119tego J\u00f3zefa w Zabrzegu, Wniebowzi\u0119cia Naj\u015bwi\u0119tszej Maryi Panny w Czuchowie, \u015bwi\u0119tego Wojciecha w Radzionkowie, Matki Bo\u017cej Nieustaj\u0105cej Pomocy i \u015awi\u0119tej Rozalii w Chorzowie &#8211; Maciejkowicach, Wszystkich \u015awi\u0119tych w Pszczynie. W 1975 r. zosta\u0142 mianowany rektorem kaplicy cmentarnej Zmartwychwstania Pa\u0144skiego w Siemianowicach \u015al\u0105skich, z poleceniem usamodzielniania cz\u0119\u015bci parafii skupiaj\u0105cej si\u0119 przy tej kaplicy. Nast\u0119pnie by\u0142 wikariuszem w parafii Matki Bo\u017cej Szkaplerznej i \u015bw. Piusa X w Jejkowicach, p\u00f3\u017aniej w parafii \u015bw. Katarzyny w Czechowicach-Dziedzicach. Organizowa\u0142 duszpasterstwo przy tymczasowej kaplicy mieszcz\u0105cej si\u0119 w budynku mieszkalnym w Czechowicach-Podraju i prowadzi\u0142 tam budow\u0119 ko\u015bcio\u0142a. W 1984 r. mianowany zosta\u0142 administratorem, a nast\u0119pnie proboszczem nowo erygowanej parafii \u015bwi\u0119tego Stanis\u0142awa, biskupa i m\u0119czennika w Czechowicach-Podraju.<br \/><br \/>W 1986 r. mianowany zosta\u0142 administratorem, a nast\u0119pnie proboszczem parafii \u015bw. Antoniego z Padwy w Krywa\u0142dzie. Od 2003 r. by\u0142 ksi\u0119dzem emerytem. Zamieszka\u0142 przy ko\u015bciele Matki Bo\u017cej Cz\u0119stochowskiej w Knurowie. \u00a0W latach1989-2009 by\u0142 ojcem duchownym kap\u0142an\u00f3w dekanatu Knur\u00f3w.<\/p><p>Zmar\u0142 w szpitalu w Knurowie 8 wrze\u015bnia 2014. Pogrzeb ks. Stefana odby\u0142 si\u0119 11 wrze\u015bnia 2014r., uroczysto\u015bciom przewodniczy\u0142 ks. arcybiskup Wiktor Skworc, metropolita katowicki. Pochowany zosta\u0142 na cmentarzu w Knurowie.<\/p>\t\t\t\t\t\t<\/div>\n\t\t\t\t<\/div>\n\t\t\t\t\t<\/div>\n\t\t<\/div>\n\t\t\t\t<div class=\"elementor-column elementor-col-50 elementor-inner-column elementor-element elementor-element-4ba7765\" data-id=\"4ba7765\" data-element_type=\"column\">\n\t\t\t<div class=\"elementor-widget-wrap elementor-element-populated\">\n\t\t\t\t\t\t<div class=\"elementor-element elementor-element-9d23833 elementor-widget elementor-widget-image\" data-id=\"9d23833\" data-element_type=\"widget\" data-widget_type=\"image.default\">\n\t\t\t\t<div class=\"elementor-widget-container\">\n\t\t\t\t\t\t\t\t\t\t\t\t\t<img decoding=\"async\" width=\"250\" height=\"334\" src=\"http:\/\/parafiakrywald.pl\/wp-content\/uploads\/2021\/05\/Gruszka.jpg\" class=\"attachment-full size-full wp-image-301\" alt=\"\" srcset=\"http:\/\/parafiakrywald.pl\/wp-content\/uploads\/2021\/05\/Gruszka.jpg 250w, http:\/\/parafiakrywald.pl\/wp-content\/uploads\/2021\/05\/Gruszka-225x300.jpg 225w\" sizes=\"(max-width: 250px) 100vw, 250px\" \/>\t\t\t\t\t\t\t\t\t\t\t\t\t<\/div>\n\t\t\t\t<\/div>\n\t\t\t\t\t<\/div>\n\t\t<\/div>\n\t\t\t\t\t<\/div>\n\t\t<\/section>\n\t\t\t\t<div class=\"elementor-element elementor-element-24d01f5 elementor-widget-divider--view-line elementor-widget elementor-widget-divider\" data-id=\"24d01f5\" data-element_type=\"widget\" data-widget_type=\"divider.default\">\n\t\t\t\t<div class=\"elementor-widget-container\">\n\t\t\t\t\t<div class=\"elementor-divider\">\n\t\t\t<span class=\"elementor-divider-separator\">\n\t\t\t\t\t\t<\/span>\n\t\t<\/div>\n\t\t\t\t<\/div>\n\t\t\t\t<\/div>\n\t\t\t\t<section class=\"elementor-section elementor-inner-section elementor-element elementor-element-533cf6f elementor-section-boxed elementor-section-height-default elementor-section-height-default\" data-id=\"533cf6f\" data-element_type=\"section\">\n\t\t\t\t\t\t<div class=\"elementor-container elementor-column-gap-default\">\n\t\t\t\t\t<div class=\"elementor-column elementor-col-50 elementor-inner-column elementor-element elementor-element-2628b8f\" data-id=\"2628b8f\" data-element_type=\"column\">\n\t\t\t<div class=\"elementor-widget-wrap elementor-element-populated\">\n\t\t\t\t\t\t<div class=\"elementor-element elementor-element-fd40366 elementor-widget elementor-widget-text-editor\" data-id=\"fd40366\" data-element_type=\"widget\" data-widget_type=\"text-editor.default\">\n\t\t\t\t<div class=\"elementor-widget-container\">\n\t\t\t\t\t\t\t<p>Ks. Marian \u015aliwi\u0144ski urodzi\u0142 si\u0119 24 lutego 1934 w Wirku. Wst\u0105pi\u0142 do \u015al\u0105skiego Seminarium Duchownego w Krakowie. 23 czerwca 1957 przyj\u0105\u0142 w Katowicach \u015bwi\u0119cenia kap\u0142a\u0144skie z r\u0105k bpa Herberta Bednorza.<\/p><p>Jako wikariusz pracowa\u0142 w parafii Tr\u00f3jcy Przenaj\u015bwi\u0119tszej w Szarleju (1958-1960), Jankowicach Rybnickich (1960), Lubomi (1961), Chropaczowie (1961-1964), \u0141aziskach G\u00f3rnych (1964-1967), D\u0105br\u00f3wce Ma\u0142ej (1967-1970), Paprocanach (1970) i parafii \u015bw. Jana Chrzciciela w Tychach (1970-1974).<\/p><p>W 1974 roku \u00f3wczesny biskup katowicki Herbert Bednorz mianowa\u0142 go rektorem kaplicy \u015bw. Antoniego w Krywa\u0142dzie.<\/p><p>Gdy w 1981 roku zosta\u0142a tam utworzona parafia, ks. \u015aliwi\u0144ski zosta\u0142 jej pierwszym proboszczem. W latach 1983-1986 by\u0142 wicedziekanem dekanatu knurowskiego. Od 1986 roku do przej\u015bcia na emerytur\u0119 w 1999 roku by\u0142 proboszczem w Sadowie.<\/p><p>Ostatnie lata \u017cycia sp\u0119dzi\u0142 w Domu Ksi\u0119\u017cy Emeryt\u00f3w w Katowicach. Pogrzeb ks. \u015aliwi\u0144skiego odby\u0142 si\u0119 9 lutego 2004 w Sadowie, uroczysto\u015bciom przewodniczy\u0142 bp Gerard Kusz. Zosta\u0142 pochowany przy sadowskim ko\u015bciele.<\/p>\t\t\t\t\t\t<\/div>\n\t\t\t\t<\/div>\n\t\t\t\t\t<\/div>\n\t\t<\/div>\n\t\t\t\t<div class=\"elementor-column elementor-col-50 elementor-inner-column elementor-element elementor-element-e81dbd3\" data-id=\"e81dbd3\" data-element_type=\"column\">\n\t\t\t<div class=\"elementor-widget-wrap elementor-element-populated\">\n\t\t\t\t\t\t<div class=\"elementor-element elementor-element-a44aa96 elementor-widget elementor-widget-image\" data-id=\"a44aa96\" data-element_type=\"widget\" data-widget_type=\"image.default\">\n\t\t\t\t<div class=\"elementor-widget-container\">\n\t\t\t\t\t\t\t\t\t\t\t\t\t<img decoding=\"async\" width=\"170\" height=\"221\" src=\"http:\/\/parafiakrywald.pl\/wp-content\/uploads\/2021\/05\/sliwinski.jpg\" class=\"attachment-1536x1536 size-1536x1536 wp-image-299\" alt=\"\" \/>\t\t\t\t\t\t\t\t\t\t\t\t\t<\/div>\n\t\t\t\t<\/div>\n\t\t\t\t\t<\/div>\n\t\t<\/div>\n\t\t\t\t\t<\/div>\n\t\t<\/section>\n\t\t\t\t<div class=\"elementor-element elementor-element-8d86d50 elementor-widget-divider--view-line elementor-widget elementor-widget-divider\" data-id=\"8d86d50\" data-element_type=\"widget\" data-widget_type=\"divider.default\">\n\t\t\t\t<div class=\"elementor-widget-container\">\n\t\t\t\t\t<div class=\"elementor-divider\">\n\t\t\t<span class=\"elementor-divider-separator\">\n\t\t\t\t\t\t<\/span>\n\t\t<\/div>\n\t\t\t\t<\/div>\n\t\t\t\t<\/div>\n\t\t\t\t<div class=\"elementor-element elementor-element-489a4ae elementor-widget elementor-widget-text-editor\" data-id=\"489a4ae\" data-element_type=\"widget\" data-widget_type=\"text-editor.default\">\n\t\t\t\t<div class=\"elementor-widget-container\">\n\t\t\t\t\t\t\t<h2><strong>Kap\u0142ani pochodz\u0105cy z naszej parafii:<\/strong><\/h2>\t\t\t\t\t\t<\/div>\n\t\t\t\t<\/div>\n\t\t\t\t\t<\/div>\n\t\t<\/div>\n\t\t\t\t\t<\/div>\n\t\t<\/section>\n\t\t\t\t<section class=\"elementor-section elementor-inner-section elementor-element elementor-element-84a190b elementor-section-boxed elementor-section-height-default elementor-section-height-default\" data-id=\"84a190b\" data-element_type=\"section\">\n\t\t\t\t\t\t<div class=\"elementor-container elementor-column-gap-default\">\n\t\t\t\t\t<div class=\"elementor-column elementor-col-50 elementor-inner-column elementor-element elementor-element-f221b87\" data-id=\"f221b87\" data-element_type=\"column\">\n\t\t\t<div class=\"elementor-widget-wrap elementor-element-populated\">\n\t\t\t\t\t\t<div class=\"elementor-element elementor-element-4ff8867 elementor-widget elementor-widget-text-editor\" data-id=\"4ff8867\" data-element_type=\"widget\" data-widget_type=\"text-editor.default\">\n\t\t\t\t<div class=\"elementor-widget-container\">\n\t\t\t\t\t\t\t<p align=\"JUSTIFY\">Ks. Grzegorz Wieczorek &#8211; urodzi\u0142 si\u0119 12 marca 1989 roku w Knurowie. Pochodzi z naszej parafii p.w. \u015bw. Antoniego z Padwy w Knurowie &#8211; Krywa\u0142dzie. W 2008 roku wst\u0105pi\u0142 do Wy\u017cszego \u015al\u0105skiego Seminarium Duchownego w Katowicach i r\u00f3wnolegle podj\u0105\u0142 studia teologii pastoralnej na Wydziale Teologicznym Uniwersytetu \u015al\u0105skiego. 11 maja 2013 r. &#8211; przyj\u0105\u0142 \u015bwi\u0119cenia diakonatu w ko\u015bciele p. w. \u015bw. Jadwigi w Rybniku &#8211; Nowinach. 17 maja 2014 r. przyj\u0105\u0142 \u015bwi\u0119cenia kap\u0142a\u0144skie w katowickiej Katedrze Chrystusa Kr\u00f3la z r\u0105k ksi\u0119dza arcybiskupa Wiktora Skworca, Metropolity Katowickiego.<\/p><p align=\"JUSTIFY\">Prymicje kap\u0142a\u0144skie odby\u0142y si\u0119 18 maja 2014 r., by\u0142o szczeg\u00f3lne wydarzenie w historii naszej parafii. Pierwsz\u0105 parafi\u0105 ks. Grzegorza by\u0142 ko\u015bci\u00f3\u0142 p.w. Ducha \u015awi\u0119tego w Tychach. Obecnie jest wikarym w Pszczynie.\u00a0<\/p>\t\t\t\t\t\t<\/div>\n\t\t\t\t<\/div>\n\t\t\t\t\t<\/div>\n\t\t<\/div>\n\t\t\t\t<div class=\"elementor-column elementor-col-50 elementor-inner-column elementor-element elementor-element-0052177\" data-id=\"0052177\" data-element_type=\"column\">\n\t\t\t<div class=\"elementor-widget-wrap elementor-element-populated\">\n\t\t\t\t\t\t<div class=\"elementor-element elementor-element-4ec9893 elementor-widget elementor-widget-image\" data-id=\"4ec9893\" data-element_type=\"widget\" data-widget_type=\"image.default\">\n\t\t\t\t<div class=\"elementor-widget-container\">\n\t\t\t\t\t\t\t\t\t\t\t\t\t<img loading=\"lazy\" decoding=\"async\" width=\"876\" height=\"1024\" src=\"http:\/\/parafiakrywald.pl\/wp-content\/uploads\/2021\/05\/grzegorz-876x1024.jpg\" class=\"attachment-large size-large wp-image-746\" alt=\"\" srcset=\"http:\/\/parafiakrywald.pl\/wp-content\/uploads\/2021\/05\/grzegorz-876x1024.jpg 876w, http:\/\/parafiakrywald.pl\/wp-content\/uploads\/2021\/05\/grzegorz-257x300.jpg 257w, http:\/\/parafiakrywald.pl\/wp-content\/uploads\/2021\/05\/grzegorz-768x898.jpg 768w, http:\/\/parafiakrywald.pl\/wp-content\/uploads\/2021\/05\/grzegorz.jpg 1002w\" sizes=\"(max-width: 876px) 100vw, 876px\" \/>\t\t\t\t\t\t\t\t\t\t\t\t\t<\/div>\n\t\t\t\t<\/div>\n\t\t\t\t\t<\/div>\n\t\t<\/div>\n\t\t\t\t\t<\/div>\n\t\t<\/section>\n\t\t\t\t<\/div>\n\t\t","protected":false},"excerpt":{"rendered":"<p>Proboszczowie Parafii Krywa\u0142d Ks. Marek Kamie\u0144ski &#8211; proboszcz parafii od 26 VII 2003 r. Urodzi\u0142 si\u0119 w 11 kwietnia 1959 r. Uko\u0144czy\u0142 Wy\u017csze \u015al\u0105skie Seminarium Duchowne w Katowicach. \u015awi\u0119cenia kap\u0142a\u0144skie przyj\u0105\u0142 4 kwietnia 1985 r. z r\u0105k ks. biskupa Herberta Bednorza. Ks. Stefan Gruszka &#8211; urodzi\u0142 si\u0119 12 kwietnia 1936 r. w Chorzowie. W 1950 [&hellip;]<\/p>\n","protected":false},"author":1,"featured_media":0,"parent":0,"menu_order":0,"comment_status":"closed","ping_status":"closed","template":"","meta":{"site-sidebar-layout":"no-sidebar","site-content-layout":"page-builder","ast-site-content-layout":"","site-content-style":"default","site-sidebar-style":"default","ast-global-header-display":"","ast-banner-title-visibility":"","ast-main-header-display":"","ast-hfb-above-header-display":"","ast-hfb-below-header-display":"","ast-hfb-mobile-header-display":"","site-post-title":"disabled","ast-breadcrumbs-content":"","ast-featured-img":"disabled","footer-sml-layout":"","theme-transparent-header-meta":"default","adv-header-id-meta":"","stick-header-meta":"","header-above-stick-meta":"","header-main-stick-meta":"","header-below-stick-meta":"","astra-migrate-meta-layouts":"default","ast-page-background-enabled":"default","ast-page-background-meta":{"desktop":{"background-color":"","background-image":"","background-repeat":"repeat","background-position":"center center","background-size":"auto","background-attachment":"scroll","background-type":"","background-media":"","overlay-type":"","overlay-color":"","overlay-opacity":"","overlay-gradient":""},"tablet":{"background-color":"","background-image":"","background-repeat":"repeat","background-position":"center center","background-size":"auto","background-attachment":"scroll","background-type":"","background-media":"","overlay-type":"","overlay-color":"","overlay-opacity":"","overlay-gradient":""},"mobile":{"background-color":"","background-image":"","background-repeat":"repeat","background-position":"center center","background-size":"auto","background-attachment":"scroll","background-type":"","background-media":"","overlay-type":"","overlay-color":"","overlay-opacity":"","overlay-gradient":""}},"ast-content-background-meta":{"desktop":{"background-color":"var(--ast-global-color-5)","background-image":"","background-repeat":"repeat","background-position":"center center","background-size":"auto","background-attachment":"scroll","background-type":"","background-media":"","overlay-type":"","overlay-color":"","overlay-opacity":"","overlay-gradient":""},"tablet":{"background-color":"var(--ast-global-color-5)","background-image":"","background-repeat":"repeat","background-position":"center center","background-size":"auto","background-attachment":"scroll","background-type":"","background-media":"","overlay-type":"","overlay-color":"","overlay-opacity":"","overlay-gradient":""},"mobile":{"background-color":"var(--ast-global-color-5)","background-image":"","background-repeat":"repeat","background-position":"center center","background-size":"auto","background-attachment":"scroll","background-type":"","background-media":"","overlay-type":"","overlay-color":"","overlay-opacity":"","overlay-gradient":""}},"footnotes":""},"class_list":["post-28","page","type-page","status-publish","hentry"],"_links":{"self":[{"href":"http:\/\/parafiakrywald.pl\/index.php?rest_route=\/wp\/v2\/pages\/28","targetHints":{"allow":["GET"]}}],"collection":[{"href":"http:\/\/parafiakrywald.pl\/index.php?rest_route=\/wp\/v2\/pages"}],"about":[{"href":"http:\/\/parafiakrywald.pl\/index.php?rest_route=\/wp\/v2\/types\/page"}],"author":[{"embeddable":true,"href":"http:\/\/parafiakrywald.pl\/index.php?rest_route=\/wp\/v2\/users\/1"}],"replies":[{"embeddable":true,"href":"http:\/\/parafiakrywald.pl\/index.php?rest_route=%2Fwp%2Fv2%2Fcomments&post=28"}],"version-history":[{"count":26,"href":"http:\/\/parafiakrywald.pl\/index.php?rest_route=\/wp\/v2\/pages\/28\/revisions"}],"predecessor-version":[{"id":1520,"href":"http:\/\/parafiakrywald.pl\/index.php?rest_route=\/wp\/v2\/pages\/28\/revisions\/1520"}],"wp:attachment":[{"href":"http:\/\/parafiakrywald.pl\/index.php?rest_route=%2Fwp%2Fv2%2Fmedia&parent=28"}],"curies":[{"name":"wp","href":"https:\/\/api.w.org\/{rel}","templated":true}]}}