{"id":31,"date":"2021-05-09T22:32:04","date_gmt":"2021-05-09T20:32:04","guid":{"rendered":"http:\/\/parafiakrywald.pl\/?page_id=31"},"modified":"2021-05-25T13:01:24","modified_gmt":"2021-05-25T11:01:24","slug":"klauzula-rodo","status":"publish","type":"page","link":"http:\/\/parafiakrywald.pl\/?page_id=31","title":{"rendered":"Klauzula RODO"},"content":{"rendered":"\t\t<div data-elementor-type=\"wp-page\" data-elementor-id=\"31\" class=\"elementor elementor-31\">\n\t\t\t\t\t\t<section class=\"elementor-section elementor-top-section elementor-element elementor-element-fee173f elementor-section-boxed elementor-section-height-default elementor-section-height-default\" data-id=\"fee173f\" data-element_type=\"section\">\n\t\t\t\t\t\t<div class=\"elementor-container elementor-column-gap-default\">\n\t\t\t\t\t<div class=\"elementor-column elementor-col-100 elementor-top-column elementor-element elementor-element-607c62b\" data-id=\"607c62b\" data-element_type=\"column\">\n\t\t\t<div class=\"elementor-widget-wrap elementor-element-populated\">\n\t\t\t\t\t\t<div class=\"elementor-element elementor-element-a22afc7 elementor-widget elementor-widget-text-editor\" data-id=\"a22afc7\" data-element_type=\"widget\" data-widget_type=\"text-editor.default\">\n\t\t\t\t<div class=\"elementor-widget-container\">\n\t\t\t\t\t\t\t<p>Informujemy, \u017ce dane osobowe Parafian przetwarzane s\u0105 dla potrzeb realizacji cel\u00f3w Ko\u015bcio\u0142a,<br \/>na podstawie prawa kanonicznego przez administratora danych osobowych,<br \/>kt\u00f3rym jest Parafia rzymskokatolicka<br \/>p.w. \u015bw. Antoniego w Krywa\u0142dzie z siedzib\u0105 przy ul. Michalskiego 56,<br \/>reprezentowana przez proboszcza ks. Marka Kamie\u0144skiego.<\/p><p>Inspektorem Ochrony Danych w Parafii<br \/>jest ks. Adam Sek\u015bci\u0144ski<br \/>e-mail: iod@archidiecezjakatowicka.pl<\/p><p>Maj\u0105 Pa\u0144stwo prawo dost\u0119pu do tre\u015bci swoich danych,<br \/>prawa ich sprostowania, ograniczenia, przetwarzania lub usuni\u0119cia <br \/>(z ograniczeniem w zakresie danych dotycz\u0105cych udzielonych sakrament\u00f3w<br \/>b\u0105d\u017a w inny spos\u00f3b odnosz\u0105cych si\u0119 do kanonicznego statusu osoby).<br \/>Szczeg\u00f3\u0142owych informacji na temat przetwarzania danych osobowych,<br \/>podstawy ich przetwarzania, ewentualnego odbiorcy (krajowego lub zagranicznego),<br \/>dok\u0142adnego okresu przechowywania danych i innych udziela administrator.<\/p><p>Maj\u0105 Pa\u0144stwo prawo do wniesienia skargi<br \/>do Ko\u015bcielnego Inspektora Ochrony Danych,<br \/>Skwer kard. Stefana Wyszy\u0144skiego 6,<br \/>01-015 Warszawa,<br \/>e-mail: kiod@episkopat.pl.<\/p>\t\t\t\t\t\t<\/div>\n\t\t\t\t<\/div>\n\t\t\t\t\t<\/div>\n\t\t<\/div>\n\t\t\t\t\t<\/div>\n\t\t<\/section>\n\t\t\t\t<\/div>\n\t\t","protected":false},"excerpt":{"rendered":"<p>Informujemy, \u017ce dane osobowe Parafian przetwarzane s\u0105 dla potrzeb realizacji cel\u00f3w Ko\u015bcio\u0142a,na podstawie prawa kanonicznego przez administratora danych osobowych,kt\u00f3rym jest Parafia rzymskokatolickap.w. \u015bw. Antoniego w Krywa\u0142dzie z siedzib\u0105 przy ul. Michalskiego 56,reprezentowana przez proboszcza ks. Marka Kamie\u0144skiego. Inspektorem Ochrony Danych w Parafiijest ks. Adam Sek\u015bci\u0144skie-mail: iod@archidiecezjakatowicka.pl Maj\u0105 Pa\u0144stwo prawo dost\u0119pu do tre\u015bci swoich danych,prawa ich [&hellip;]<\/p>\n","protected":false},"author":1,"featured_media":0,"parent":0,"menu_order":0,"comment_status":"closed","ping_status":"closed","template":"","meta":{"site-sidebar-layout":"no-sidebar","site-content-layout":"page-builder","ast-site-content-layout":"","site-content-style":"default","site-sidebar-style":"default","ast-global-header-display":"","ast-banner-title-visibility":"","ast-main-header-display":"","ast-hfb-above-header-display":"","ast-hfb-below-header-display":"","ast-hfb-mobile-header-display":"","site-post-title":"disabled","ast-breadcrumbs-content":"","ast-featured-img":"disabled","footer-sml-layout":"","theme-transparent-header-meta":"","adv-header-id-meta":"","stick-header-meta":"","header-above-stick-meta":"","header-main-stick-meta":"","header-below-stick-meta":"","astra-migrate-meta-layouts":"default","ast-page-background-enabled":"default","ast-page-background-meta":{"desktop":{"background-color":"","background-image":"","background-repeat":"repeat","background-position":"center center","background-size":"auto","background-attachment":"scroll","background-type":"","background-media":"","overlay-type":"","overlay-color":"","overlay-opacity":"","overlay-gradient":""},"tablet":{"background-color":"","background-image":"","background-repeat":"repeat","background-position":"center center","background-size":"auto","background-attachment":"scroll","background-type":"","background-media":"","overlay-type":"","overlay-color":"","overlay-opacity":"","overlay-gradient":""},"mobile":{"background-color":"","background-image":"","background-repeat":"repeat","background-position":"center center","background-size":"auto","background-attachment":"scroll","background-type":"","background-media":"","overlay-type":"","overlay-color":"","overlay-opacity":"","overlay-gradient":""}},"ast-content-background-meta":{"desktop":{"background-color":"var(--ast-global-color-5)","background-image":"","background-repeat":"repeat","background-position":"center center","background-size":"auto","background-attachment":"scroll","background-type":"","background-media":"","overlay-type":"","overlay-color":"","overlay-opacity":"","overlay-gradient":""},"tablet":{"background-color":"var(--ast-global-color-5)","background-image":"","background-repeat":"repeat","background-position":"center center","background-size":"auto","background-attachment":"scroll","background-type":"","background-media":"","overlay-type":"","overlay-color":"","overlay-opacity":"","overlay-gradient":""},"mobile":{"background-color":"var(--ast-global-color-5)","background-image":"","background-repeat":"repeat","background-position":"center center","background-size":"auto","background-attachment":"scroll","background-type":"","background-media":"","overlay-type":"","overlay-color":"","overlay-opacity":"","overlay-gradient":""}},"footnotes":""},"class_list":["post-31","page","type-page","status-publish","hentry"],"_links":{"self":[{"href":"http:\/\/parafiakrywald.pl\/index.php?rest_route=\/wp\/v2\/pages\/31","targetHints":{"allow":["GET"]}}],"collection":[{"href":"http:\/\/parafiakrywald.pl\/index.php?rest_route=\/wp\/v2\/pages"}],"about":[{"href":"http:\/\/parafiakrywald.pl\/index.php?rest_route=\/wp\/v2\/types\/page"}],"author":[{"embeddable":true,"href":"http:\/\/parafiakrywald.pl\/index.php?rest_route=\/wp\/v2\/users\/1"}],"replies":[{"embeddable":true,"href":"http:\/\/parafiakrywald.pl\/index.php?rest_route=%2Fwp%2Fv2%2Fcomments&post=31"}],"version-history":[{"count":7,"href":"http:\/\/parafiakrywald.pl\/index.php?rest_route=\/wp\/v2\/pages\/31\/revisions"}],"predecessor-version":[{"id":384,"href":"http:\/\/parafiakrywald.pl\/index.php?rest_route=\/wp\/v2\/pages\/31\/revisions\/384"}],"wp:attachment":[{"href":"http:\/\/parafiakrywald.pl\/index.php?rest_route=%2Fwp%2Fv2%2Fmedia&parent=31"}],"curies":[{"name":"wp","href":"https:\/\/api.w.org\/{rel}","templated":true}]}}