{"id":922,"date":"2021-06-14T10:48:18","date_gmt":"2021-06-14T08:48:18","guid":{"rendered":"http:\/\/parafiakrywald.pl\/?page_id=922"},"modified":"2021-06-14T19:50:03","modified_gmt":"2021-06-14T17:50:03","slug":"polityka-prywatnosci","status":"publish","type":"page","link":"http:\/\/parafiakrywald.pl\/?page_id=922","title":{"rendered":"Polityka prywatno\u015bci"},"content":{"rendered":"\t\t<div data-elementor-type=\"wp-page\" data-elementor-id=\"922\" class=\"elementor elementor-922\">\n\t\t\t\t\t\t<section class=\"elementor-section elementor-top-section elementor-element elementor-element-6d2a7b7 elementor-section-boxed elementor-section-height-default elementor-section-height-default\" data-id=\"6d2a7b7\" data-element_type=\"section\">\n\t\t\t\t\t\t<div class=\"elementor-container elementor-column-gap-default\">\n\t\t\t\t\t<div class=\"elementor-column elementor-col-100 elementor-top-column elementor-element elementor-element-b1958c6\" data-id=\"b1958c6\" data-element_type=\"column\">\n\t\t\t<div class=\"elementor-widget-wrap elementor-element-populated\">\n\t\t\t\t\t\t<div class=\"elementor-element elementor-element-a2e4f2f elementor-widget elementor-widget-text-editor\" data-id=\"a2e4f2f\" data-element_type=\"widget\" data-widget_type=\"text-editor.default\">\n\t\t\t\t<div class=\"elementor-widget-container\">\n\t\t\t\t\t\t\t<p>U\u017cywamy plik\u00f3w cookies, aby u\u0142atwi\u0107 Ci korzystanie z naszego serwisu oraz do cel\u00f3w statystycznych. Je\u015bli nie blokujesz tych plik\u00f3w, to zgadzasz si\u0119 na ich u\u017cycie oraz zapisanie w pami\u0119ci urz\u0105dzenia. Pami\u0119taj, \u017ce mo\u017cesz samodzielnie zarz\u0105dza\u0107 cookies, zmieniaj\u0105c ustawienia przegl\u0105darki. Jak wy\u0142\u0105czy\u0107 pliki cookie? Nasza strona zapisuje na Twoim komputerze, a dok\u0142adniej w schowku konkretnej przegl\u0105darki (Firefox, Internet Explorer, Chrome i inne) na Twoim koncie u\u017cytkownika komputera lub telefonu, na kt\u00f3rym \u0142\u0105czysz si\u0119 z Sieci\u0105, tzw. pliki cookie. Zazwyczaj pliki cookie s\u0105 bardzo po\u017cyteczne. Dzi\u0119ki nim zapami\u0119tywane s\u0105 Twoje indywidualne ustawienia. Dzi\u0119ki nim wiemy jak wielu u\u017cytkownik\u00f3w zagl\u0105da na nasza stron\u0119 i jakie tre\u015bci ciesz\u0105 si\u0119 najwi\u0119kszym zainteresowaniem. Pliki cookie pozwalaj\u0105 tak\u017ce usprawni\u0107 poruszanie si\u0119 po stronie. W niekt\u00f3rych przypadkach wy\u0142\u0105czenie obs\u0142ugi plik\u00f3w cookie mo\u017ce uniemo\u017cliwi\u0107 normalne korzystanie z serwisu. Je\u017celi uwa\u017casz, \u017ce obecno\u015b\u0107 plik\u00f3w cookies narusza Twoj\u0105 prywatno\u015b\u0107, mo\u017cesz w ka\u017cdej chwili je wy\u0142\u0105czy\u0107 albo dla konkretnej witryny albo og\u00f3le dla wszystkich po\u0142\u0105cze\u0144 z Twojej przegl\u0105darki. <br \/>\u2022 W przegl\u0105darce Mozilla Firefox \u2013 w menu \u201eNarz\u0119dzia\u201d wybierz \u201eOpcje\u201d i w nich zak\u0142adk\u0119 \u201ePrywatno\u015b\u0107\u201d. Przegl\u0105darka daje Ci mo\u017cliwo\u015b\u0107 zaznaczenia, \u017ce nie chcesz by\u0107 \u015bledzony w og\u00f3le albo usuni\u0119cia pojedynczych ciasteczek poszczeg\u00f3lnych witryn. <br \/>\u2022 W przegl\u0105darce Microsoft Internet Explorer \u2013 w menu \u201eNarz\u0119dzia\u201d wybierz \u201eOpcje internetowe\u201d i w nich zak\u0142adk\u0119 \u201ePrywatno\u015b\u0107\u201d. Specjalnym suwakiem mo\u017cesz regulowa\u0107 og\u00f3lny poziom prywatno\u015bci albo przyciskiem \u201eWitryny\u201d zarz\u0105dza\u0107 ustawieniami poszczeg\u00f3lnych serwis\u00f3w internetowych. <br \/>\u2022 W przegl\u0105darce Google Chrome \u2013 w menu ukrytym pod trzema poziomymi kreseczkami w prawym g\u00f3rnym rogu przegl\u0105darki wybierz \u201eNarz\u0119dzia\u201d, a potem \u201eWyczy\u015b\u0107 dane przegl\u0105dania\u2026\u201d. Opr\u00f3cz mo\u017cliwo\u015bci czyszczenia plik\u00f3w cookie, znajduje si\u0119 tam link \u201eWi\u0119cej informacji\u201d, kt\u00f3ry prowadzi do szczeg\u00f3\u0142owego opisu funkcji prywatno\u015bci przegl\u0105darki. <br \/>\u2022 W przegl\u0105darce Opera przyciskiem \u201eOpera\u201d \u2013 w lewym g\u00f3rnym rogu otw\u00f3rz menu i wybierz w nim \u201eUstawienia\u201d i dalej \u201eWyczy\u015b\u0107 histori\u0119 przegl\u0105dania\u2026\u201d. Opr\u00f3cz mo\u017cliwo\u015bci skasowania ju\u017c ustawionych plik\u00f3w cookie, jest tam te\u017c przycisk \u201eZarz\u0105dzaj ciasteczkami\u2026\u201d prowadz\u0105cy do bardziej zaawansowanych opcji dla poszczeg\u00f3lnych witryn. <br \/>\u2022 W przegl\u0105darce Apple Safari \u2013 w menu \u201eSafari\u201d wybierz \u201ePreferencje\u201d i w nich zak\u0142adk\u0119 \u201ePrywatno\u015b\u0107\u201d. Znajdziesz w niej liczne opcje dotycz\u0105ce plik\u00f3w cookie. <br \/>\u2022 W telefonach kom\u00f3rkowych, tabletach i innych urz\u0105dzeniach mobilnych \u2013 ka\u017cdy model telefonu mo\u017ce t\u0119 funkcj\u0119 obs\u0142ugiwa\u0107 w inny spos\u00f3b. Dlatego zach\u0119camy do zapoznania si\u0119 z opcjami prywatno\u015bci w dokumentacji na stronie internetowej producenta Twojego urz\u0105dzenia mobilnego.<\/p>\t\t\t\t\t\t<\/div>\n\t\t\t\t<\/div>\n\t\t\t\t\t<\/div>\n\t\t<\/div>\n\t\t\t\t\t<\/div>\n\t\t<\/section>\n\t\t\t\t<\/div>\n\t\t","protected":false},"excerpt":{"rendered":"<p>U\u017cywamy plik\u00f3w cookies, aby u\u0142atwi\u0107 Ci korzystanie z naszego serwisu oraz do cel\u00f3w statystycznych. Je\u015bli nie blokujesz tych plik\u00f3w, to zgadzasz si\u0119 na ich u\u017cycie oraz zapisanie w pami\u0119ci urz\u0105dzenia. Pami\u0119taj, \u017ce mo\u017cesz samodzielnie zarz\u0105dza\u0107 cookies, zmieniaj\u0105c ustawienia przegl\u0105darki. Jak wy\u0142\u0105czy\u0107 pliki cookie? Nasza strona zapisuje na Twoim komputerze, a dok\u0142adniej w schowku konkretnej przegl\u0105darki [&hellip;]<\/p>\n","protected":false},"author":1,"featured_media":0,"parent":0,"menu_order":0,"comment_status":"closed","ping_status":"closed","template":"","meta":{"site-sidebar-layout":"no-sidebar","site-content-layout":"page-builder","ast-site-content-layout":"","site-content-style":"default","site-sidebar-style":"default","ast-global-header-display":"","ast-banner-title-visibility":"","ast-main-header-display":"","ast-hfb-above-header-display":"","ast-hfb-below-header-display":"","ast-hfb-mobile-header-display":"","site-post-title":"disabled","ast-breadcrumbs-content":"","ast-featured-img":"disabled","footer-sml-layout":"","theme-transparent-header-meta":"default","adv-header-id-meta":"","stick-header-meta":"","header-above-stick-meta":"","header-main-stick-meta":"","header-below-stick-meta":"","astra-migrate-meta-layouts":"default","ast-page-background-enabled":"default","ast-page-background-meta":{"desktop":{"background-color":"","background-image":"","background-repeat":"repeat","background-position":"center center","background-size":"auto","background-attachment":"scroll","background-type":"","background-media":"","overlay-type":"","overlay-color":"","overlay-opacity":"","overlay-gradient":""},"tablet":{"background-color":"","background-image":"","background-repeat":"repeat","background-position":"center center","background-size":"auto","background-attachment":"scroll","background-type":"","background-media":"","overlay-type":"","overlay-color":"","overlay-opacity":"","overlay-gradient":""},"mobile":{"background-color":"","background-image":"","background-repeat":"repeat","background-position":"center center","background-size":"auto","background-attachment":"scroll","background-type":"","background-media":"","overlay-type":"","overlay-color":"","overlay-opacity":"","overlay-gradient":""}},"ast-content-background-meta":{"desktop":{"background-color":"var(--ast-global-color-5)","background-image":"","background-repeat":"repeat","background-position":"center center","background-size":"auto","background-attachment":"scroll","background-type":"","background-media":"","overlay-type":"","overlay-color":"","overlay-opacity":"","overlay-gradient":""},"tablet":{"background-color":"var(--ast-global-color-5)","background-image":"","background-repeat":"repeat","background-position":"center center","background-size":"auto","background-attachment":"scroll","background-type":"","background-media":"","overlay-type":"","overlay-color":"","overlay-opacity":"","overlay-gradient":""},"mobile":{"background-color":"var(--ast-global-color-5)","background-image":"","background-repeat":"repeat","background-position":"center center","background-size":"auto","background-attachment":"scroll","background-type":"","background-media":"","overlay-type":"","overlay-color":"","overlay-opacity":"","overlay-gradient":""}},"footnotes":""},"class_list":["post-922","page","type-page","status-publish","hentry"],"_links":{"self":[{"href":"http:\/\/parafiakrywald.pl\/index.php?rest_route=\/wp\/v2\/pages\/922","targetHints":{"allow":["GET"]}}],"collection":[{"href":"http:\/\/parafiakrywald.pl\/index.php?rest_route=\/wp\/v2\/pages"}],"about":[{"href":"http:\/\/parafiakrywald.pl\/index.php?rest_route=\/wp\/v2\/types\/page"}],"author":[{"embeddable":true,"href":"http:\/\/parafiakrywald.pl\/index.php?rest_route=\/wp\/v2\/users\/1"}],"replies":[{"embeddable":true,"href":"http:\/\/parafiakrywald.pl\/index.php?rest_route=%2Fwp%2Fv2%2Fcomments&post=922"}],"version-history":[{"count":7,"href":"http:\/\/parafiakrywald.pl\/index.php?rest_route=\/wp\/v2\/pages\/922\/revisions"}],"predecessor-version":[{"id":1035,"href":"http:\/\/parafiakrywald.pl\/index.php?rest_route=\/wp\/v2\/pages\/922\/revisions\/1035"}],"wp:attachment":[{"href":"http:\/\/parafiakrywald.pl\/index.php?rest_route=%2Fwp%2Fv2%2Fmedia&parent=922"}],"curies":[{"name":"wp","href":"https:\/\/api.w.org\/{rel}","templated":true}]}}