{"id":232,"date":"2021-05-19T21:22:16","date_gmt":"2021-05-19T19:22:16","guid":{"rendered":"http:\/\/parafiakrywald.pl\/?page_id=232"},"modified":"2024-09-01T19:29:18","modified_gmt":"2024-09-01T17:29:18","slug":"aktualnosci-2","status":"publish","type":"page","link":"https:\/\/parafiakrywald.pl\/?page_id=232","title":{"rendered":"Aktualno\u015bci"},"content":{"rendered":"\r\n\t\t<div class=\"bdp-post-grid-main bdp-design-2 bdpgrid-1 bdp-clearfix\">\r\n\t\t\t<div class=\"bdp-post-grid bdp-medium-12 bdp-columns \">\r\n\t<div class=\"bdp-post-grid-content \">\r\n\t\t\t\t<div class=\"bdp-post-image-bg\">\r\n\t\t\t<a href=\"https:\/\/parafiakrywald.pl\/?p=3413\">\r\n\t\t\t\t<img decoding=\"async\" src=\"https:\/\/parafiakrywald.pl\/wp-content\/uploads\/2026\/04\/IMG_8414-1024x768.jpeg\" alt=\"Wielkanoc 2026r.\" \/>\r\n\t\t\t<\/a>\r\n\t\t<\/div>\r\n\t\t\t\t<div class=\"bdp-post-margin-content\">\r\n\t\t\t\r\n\t\t\t<h2 class=\"bdp-post-title\">\r\n\t\t\t\t<a href=\"https:\/\/parafiakrywald.pl\/?p=3413\">Wielkanoc 2026r.<\/a>\r\n\t\t\t<\/h2>\r\n\r\n\t\t\t\t\t\t\t<div class=\"bdp-post-meta\">\r\n\t\t\t\t\t\t\t\t\t\t\t<span class=\"bdp-post-meta-innr bdp-time\"> 6 kwietnia 2026 <\/span>\r\n\t\t\t\t\t\t\t\t\t<\/div>\r\n\t\t\t\t\t<\/div>\r\n\t<\/div>\r\n<\/div><div class=\"bdp-post-grid bdp-medium-12 bdp-columns \">\r\n\t<div class=\"bdp-post-grid-content \">\r\n\t\t\t\t<div class=\"bdp-post-image-bg\">\r\n\t\t\t<a href=\"https:\/\/parafiakrywald.pl\/?p=3394\">\r\n\t\t\t\t<img decoding=\"async\" src=\"https:\/\/parafiakrywald.pl\/wp-content\/uploads\/2023\/04\/resurrection-of-jesus-christ-g92f6f581a_1920-1024x657.jpg\" alt=\"Triduum Paschalne 2026r.\" \/>\r\n\t\t\t<\/a>\r\n\t\t<\/div>\r\n\t\t\t\t<div class=\"bdp-post-margin-content\">\r\n\t\t\t\r\n\t\t\t<h2 class=\"bdp-post-title\">\r\n\t\t\t\t<a href=\"https:\/\/parafiakrywald.pl\/?p=3394\">Triduum Paschalne 2026r.<\/a>\r\n\t\t\t<\/h2>\r\n\r\n\t\t\t\t\t\t\t<div class=\"bdp-post-meta\">\r\n\t\t\t\t\t\t\t\t\t\t\t<span class=\"bdp-post-meta-innr bdp-time\"> 28 marca 2026 <\/span>\r\n\t\t\t\t\t\t\t\t\t<\/div>\r\n\t\t\t\t\t<\/div>\r\n\t<\/div>\r\n<\/div><div class=\"bdp-post-grid bdp-medium-12 bdp-columns \">\r\n\t<div class=\"bdp-post-grid-content \">\r\n\t\t\t\t<div class=\"bdp-post-image-bg\">\r\n\t\t\t<a href=\"https:\/\/parafiakrywald.pl\/?p=3384\">\r\n\t\t\t\t<img decoding=\"async\" src=\"https:\/\/parafiakrywald.pl\/wp-content\/uploads\/2022\/02\/post-1024x680.jpg\" alt=\"Adoracja Naj\u015bwi\u0119tszego Sakramentu\" \/>\r\n\t\t\t<\/a>\r\n\t\t<\/div>\r\n\t\t\t\t<div class=\"bdp-post-margin-content\">\r\n\t\t\t\r\n\t\t\t<h2 class=\"bdp-post-title\">\r\n\t\t\t\t<a href=\"https:\/\/parafiakrywald.pl\/?p=3384\">Adoracja Naj\u015bwi\u0119tszego Sakramentu<\/a>\r\n\t\t\t<\/h2>\r\n\r\n\t\t\t\t\t\t\t<div class=\"bdp-post-meta\">\r\n\t\t\t\t\t\t\t\t\t\t\t<span class=\"bdp-post-meta-innr bdp-time\"> 15 marca 2026 <\/span>\r\n\t\t\t\t\t\t\t\t\t<\/div>\r\n\t\t\t\t\t<\/div>\r\n\t<\/div>\r\n<\/div><div class=\"bdp-post-grid bdp-medium-12 bdp-columns \">\r\n\t<div class=\"bdp-post-grid-content \">\r\n\t\t\t\t<div class=\"bdp-post-image-bg\">\r\n\t\t\t<a href=\"https:\/\/parafiakrywald.pl\/?p=3355\">\r\n\t\t\t\t<img decoding=\"async\" src=\"https:\/\/parafiakrywald.pl\/wp-content\/uploads\/2025\/01\/christmas-star-528006_1280-1024x724.jpg\" alt=\"Kol\u0119dowanie na Feliks\u00f3wce\" \/>\r\n\t\t\t<\/a>\r\n\t\t<\/div>\r\n\t\t\t\t<div class=\"bdp-post-margin-content\">\r\n\t\t\t\r\n\t\t\t<h2 class=\"bdp-post-title\">\r\n\t\t\t\t<a href=\"https:\/\/parafiakrywald.pl\/?p=3355\">Kol\u0119dowanie na Feliks\u00f3wce<\/a>\r\n\t\t\t<\/h2>\r\n\r\n\t\t\t\t\t\t\t<div class=\"bdp-post-meta\">\r\n\t\t\t\t\t\t\t\t\t\t\t<span class=\"bdp-post-meta-innr bdp-time\"> 26 grudnia 2025 <\/span>\r\n\t\t\t\t\t\t\t\t\t<\/div>\r\n\t\t\t\t\t<\/div>\r\n\t<\/div>\r\n<\/div><div class=\"bdp-post-grid bdp-medium-12 bdp-columns \">\r\n\t<div class=\"bdp-post-grid-content \">\r\n\t\t\t\t<div class=\"bdp-post-image-bg\">\r\n\t\t\t<a href=\"https:\/\/parafiakrywald.pl\/?p=3348\">\r\n\t\t\t\t<img decoding=\"async\" src=\"https:\/\/parafiakrywald.pl\/wp-content\/uploads\/2022\/12\/bn8-1024x768.jpg\" alt=\"Uroczysto\u015b\u0107 Bo\u017cego Narodzenia 2025r.\" \/>\r\n\t\t\t<\/a>\r\n\t\t<\/div>\r\n\t\t\t\t<div class=\"bdp-post-margin-content\">\r\n\t\t\t\r\n\t\t\t<h2 class=\"bdp-post-title\">\r\n\t\t\t\t<a href=\"https:\/\/parafiakrywald.pl\/?p=3348\">Uroczysto\u015b\u0107 Bo\u017cego Narodzenia 2025r.<\/a>\r\n\t\t\t<\/h2>\r\n\r\n\t\t\t\t\t\t\t<div class=\"bdp-post-meta\">\r\n\t\t\t\t\t\t\t\t\t\t\t<span class=\"bdp-post-meta-innr bdp-time\"> 23 grudnia 2025 <\/span>\r\n\t\t\t\t\t\t\t\t\t<\/div>\r\n\t\t\t\t\t<\/div>\r\n\t<\/div>\r\n<\/div><div class=\"bdp-post-grid bdp-medium-12 bdp-columns \">\r\n\t<div class=\"bdp-post-grid-content \">\r\n\t\t\t\t<div class=\"bdp-post-image-bg\">\r\n\t\t\t<a href=\"https:\/\/parafiakrywald.pl\/?p=3278\">\r\n\t\t\t\t<img decoding=\"async\" src=\"https:\/\/parafiakrywald.pl\/wp-content\/uploads\/2021\/06\/ant-1024x761.jpg\" alt=\"26 X 2025r.  104 &#8211; rocznica po\u015bwi\u0119cenia ko\u015bcio\u0142a.\" \/>\r\n\t\t\t<\/a>\r\n\t\t<\/div>\r\n\t\t\t\t<div class=\"bdp-post-margin-content\">\r\n\t\t\t\r\n\t\t\t<h2 class=\"bdp-post-title\">\r\n\t\t\t\t<a href=\"https:\/\/parafiakrywald.pl\/?p=3278\">26 X 2025r.  104 &#8211; rocznica po\u015bwi\u0119cenia ko\u015bcio\u0142a.<\/a>\r\n\t\t\t<\/h2>\r\n\r\n\t\t\t\t\t\t\t<div class=\"bdp-post-meta\">\r\n\t\t\t\t\t\t\t\t\t\t\t<span class=\"bdp-post-meta-innr bdp-time\"> 21 pa\u017adziernika 2025 <\/span>\r\n\t\t\t\t\t\t\t\t\t<\/div>\r\n\t\t\t\t\t<\/div>\r\n\t<\/div>\r\n<\/div><div class=\"bdp-post-grid bdp-medium-12 bdp-columns \">\r\n\t<div class=\"bdp-post-grid-content \">\r\n\t\t\t\t<div class=\"bdp-post-image-bg\">\r\n\t\t\t<a href=\"https:\/\/parafiakrywald.pl\/?p=3260\">\r\n\t\t\t\t<img decoding=\"async\" src=\"https:\/\/parafiakrywald.pl\/wp-content\/uploads\/2024\/10\/IMG_9429-1024x768.jpeg\" alt=\"6 X 2025r. Wspomnienie \u015bw. Franciszka &#8211; na Feliks\u00f3wce\" \/>\r\n\t\t\t<\/a>\r\n\t\t<\/div>\r\n\t\t\t\t<div class=\"bdp-post-margin-content\">\r\n\t\t\t\r\n\t\t\t<h2 class=\"bdp-post-title\">\r\n\t\t\t\t<a href=\"https:\/\/parafiakrywald.pl\/?p=3260\">6 X 2025r. Wspomnienie \u015bw. Franciszka &#8211; na Feliks\u00f3wce<\/a>\r\n\t\t\t<\/h2>\r\n\r\n\t\t\t\t\t\t\t<div class=\"bdp-post-meta\">\r\n\t\t\t\t\t\t\t\t\t\t\t<span class=\"bdp-post-meta-innr bdp-time\"> 27 wrze\u015bnia 2025 <\/span>\r\n\t\t\t\t\t\t\t\t\t<\/div>\r\n\t\t\t\t\t<\/div>\r\n\t<\/div>\r\n<\/div><div class=\"bdp-post-grid bdp-medium-12 bdp-columns \">\r\n\t<div class=\"bdp-post-grid-content \">\r\n\t\t\t\t<div class=\"bdp-post-image-bg\">\r\n\t\t\t<a href=\"https:\/\/parafiakrywald.pl\/?p=3246\">\r\n\t\t\t\t<img decoding=\"async\" src=\"https:\/\/parafiakrywald.pl\/wp-content\/uploads\/2022\/04\/Jezu-ufam-Tobie-1024x688.jpg\" alt=\"12 wrze\u015bnia 2025r. &#8211; Parafialny Dzie\u0144 Chorych\" \/>\r\n\t\t\t<\/a>\r\n\t\t<\/div>\r\n\t\t\t\t<div class=\"bdp-post-margin-content\">\r\n\t\t\t\r\n\t\t\t<h2 class=\"bdp-post-title\">\r\n\t\t\t\t<a href=\"https:\/\/parafiakrywald.pl\/?p=3246\">12 wrze\u015bnia 2025r. &#8211; Parafialny Dzie\u0144 Chorych<\/a>\r\n\t\t\t<\/h2>\r\n\r\n\t\t\t\t\t\t\t<div class=\"bdp-post-meta\">\r\n\t\t\t\t\t\t\t\t\t\t\t<span class=\"bdp-post-meta-innr bdp-time\"> 30 sierpnia 2025 <\/span>\r\n\t\t\t\t\t\t\t\t\t<\/div>\r\n\t\t\t\t\t<\/div>\r\n\t<\/div>\r\n<\/div><div class=\"bdp-post-grid bdp-medium-12 bdp-columns \">\r\n\t<div class=\"bdp-post-grid-content \">\r\n\t\t\t\t<div class=\"bdp-post-image-bg\">\r\n\t\t\t<a href=\"https:\/\/parafiakrywald.pl\/?p=3240\">\r\n\t\t\t\t<img decoding=\"async\" src=\"https:\/\/parafiakrywald.pl\/wp-content\/uploads\/2022\/08\/zniwa-1024x669.jpg\" alt=\"7 IX 2025r. Do\u017cynki Parafialne\" \/>\r\n\t\t\t<\/a>\r\n\t\t<\/div>\r\n\t\t\t\t<div class=\"bdp-post-margin-content\">\r\n\t\t\t\r\n\t\t\t<h2 class=\"bdp-post-title\">\r\n\t\t\t\t<a href=\"https:\/\/parafiakrywald.pl\/?p=3240\">7 IX 2025r. Do\u017cynki Parafialne<\/a>\r\n\t\t\t<\/h2>\r\n\r\n\t\t\t\t\t\t\t<div class=\"bdp-post-meta\">\r\n\t\t\t\t\t\t\t\t\t\t\t<span class=\"bdp-post-meta-innr bdp-time\"> 30 sierpnia 2025 <\/span>\r\n\t\t\t\t\t\t\t\t\t<\/div>\r\n\t\t\t\t\t<\/div>\r\n\t<\/div>\r\n<\/div><div class=\"bdp-post-grid bdp-medium-12 bdp-columns \">\r\n\t<div class=\"bdp-post-grid-content \">\r\n\t\t\t\t<div class=\"bdp-post-image-bg\">\r\n\t\t\t<a href=\"https:\/\/parafiakrywald.pl\/?p=3228\">\r\n\t\t\t\t<img decoding=\"async\" src=\"https:\/\/parafiakrywald.pl\/wp-content\/uploads\/2024\/12\/slowo-bp-1-1024x579.jpg\" alt=\"S\u0142owo bp. Marka Szkud\u0142o w zwi\u0105zku z nominacj\u0105 nowego Arcybiskupa Metropolity Katowickiego\" \/>\r\n\t\t\t<\/a>\r\n\t\t<\/div>\r\n\t\t\t\t<div class=\"bdp-post-margin-content\">\r\n\t\t\t\r\n\t\t\t<h2 class=\"bdp-post-title\">\r\n\t\t\t\t<a href=\"https:\/\/parafiakrywald.pl\/?p=3228\">S\u0142owo bp. Marka Szkud\u0142o w zwi\u0105zku z nominacj\u0105 nowego Arcybiskupa Metropolity Katowickiego<\/a>\r\n\t\t\t<\/h2>\r\n\r\n\t\t\t\t\t\t\t<div class=\"bdp-post-meta\">\r\n\t\t\t\t\t\t\t\t\t\t\t<span class=\"bdp-post-meta-innr bdp-time\"> 29 sierpnia 2025 <\/span>\r\n\t\t\t\t\t\t\t\t\t<\/div>\r\n\t\t\t\t\t<\/div>\r\n\t<\/div>\r\n<\/div><div class=\"bdp-post-grid bdp-medium-12 bdp-columns \">\r\n\t<div class=\"bdp-post-grid-content \">\r\n\t\t\t\t<div class=\"bdp-post-image-bg\">\r\n\t\t\t<a href=\"https:\/\/parafiakrywald.pl\/?p=3156\">\r\n\t\t\t\t<img decoding=\"async\" src=\"https:\/\/parafiakrywald.pl\/wp-content\/uploads\/2025\/06\/30-1024x771.jpeg\" alt=\"19 czerwca 2025r. \u2013 Uroczysto\u015b\u0107 Naj\u015bwi\u0119tszego Cia\u0142a i Krwi Chrystusa\" \/>\r\n\t\t\t<\/a>\r\n\t\t<\/div>\r\n\t\t\t\t<div class=\"bdp-post-margin-content\">\r\n\t\t\t\r\n\t\t\t<h2 class=\"bdp-post-title\">\r\n\t\t\t\t<a href=\"https:\/\/parafiakrywald.pl\/?p=3156\">19 czerwca 2025r. \u2013 Uroczysto\u015b\u0107 Naj\u015bwi\u0119tszego Cia\u0142a i Krwi Chrystusa<\/a>\r\n\t\t\t<\/h2>\r\n\r\n\t\t\t\t\t\t\t<div class=\"bdp-post-meta\">\r\n\t\t\t\t\t\t\t\t\t\t\t<span class=\"bdp-post-meta-innr bdp-time\"> 19 czerwca 2025 <\/span>\r\n\t\t\t\t\t\t\t\t\t<\/div>\r\n\t\t\t\t\t<\/div>\r\n\t<\/div>\r\n<\/div><div class=\"bdp-post-grid bdp-medium-12 bdp-columns \">\r\n\t<div class=\"bdp-post-grid-content \">\r\n\t\t\t\t<div class=\"bdp-post-image-bg\">\r\n\t\t\t<a href=\"https:\/\/parafiakrywald.pl\/?p=3150\">\r\n\t\t\t\t<img decoding=\"async\" src=\"https:\/\/parafiakrywald.pl\/wp-content\/uploads\/2021\/06\/47-1024x683.jpg\" alt=\"19 czerwca 2025r. &#8211; Uroczysto\u015b\u0107 Naj\u015bwi\u0119tszego Cia\u0142a i Krwi Chrystusa\" \/>\r\n\t\t\t<\/a>\r\n\t\t<\/div>\r\n\t\t\t\t<div class=\"bdp-post-margin-content\">\r\n\t\t\t\r\n\t\t\t<h2 class=\"bdp-post-title\">\r\n\t\t\t\t<a href=\"https:\/\/parafiakrywald.pl\/?p=3150\">19 czerwca 2025r. &#8211; Uroczysto\u015b\u0107 Naj\u015bwi\u0119tszego Cia\u0142a i Krwi Chrystusa<\/a>\r\n\t\t\t<\/h2>\r\n\r\n\t\t\t\t\t\t\t<div class=\"bdp-post-meta\">\r\n\t\t\t\t\t\t\t\t\t\t\t<span class=\"bdp-post-meta-innr bdp-time\"> 7 czerwca 2025 <\/span>\r\n\t\t\t\t\t\t\t\t\t<\/div>\r\n\t\t\t\t\t<\/div>\r\n\t<\/div>\r\n<\/div><div class=\"bdp-post-grid bdp-medium-12 bdp-columns \">\r\n\t<div class=\"bdp-post-grid-content \">\r\n\t\t\t\t<div class=\"bdp-post-image-bg\">\r\n\t\t\t<a href=\"https:\/\/parafiakrywald.pl\/?p=3142\">\r\n\t\t\t\t<img decoding=\"async\" src=\"https:\/\/parafiakrywald.pl\/wp-content\/uploads\/2021\/06\/relikwie-1-1024x732.jpg\" alt=\"15 czerwca 2025r. &#8211; Zaproszenie na Odpust\" \/>\r\n\t\t\t<\/a>\r\n\t\t<\/div>\r\n\t\t\t\t<div class=\"bdp-post-margin-content\">\r\n\t\t\t\r\n\t\t\t<h2 class=\"bdp-post-title\">\r\n\t\t\t\t<a href=\"https:\/\/parafiakrywald.pl\/?p=3142\">15 czerwca 2025r. &#8211; Zaproszenie na Odpust<\/a>\r\n\t\t\t<\/h2>\r\n\r\n\t\t\t\t\t\t\t<div class=\"bdp-post-meta\">\r\n\t\t\t\t\t\t\t\t\t\t\t<span class=\"bdp-post-meta-innr bdp-time\"> 7 czerwca 2025 <\/span>\r\n\t\t\t\t\t\t\t\t\t<\/div>\r\n\t\t\t\t\t<\/div>\r\n\t<\/div>\r\n<\/div><div class=\"bdp-post-grid bdp-medium-12 bdp-columns \">\r\n\t<div class=\"bdp-post-grid-content \">\r\n\t\t\t\t<div class=\"bdp-post-image-bg\">\r\n\t\t\t<a href=\"https:\/\/parafiakrywald.pl\/?p=3122\">\r\n\t\t\t\t<img decoding=\"async\" src=\"https:\/\/parafiakrywald.pl\/wp-content\/uploads\/2023\/05\/image_50763777-1024x768.jpg\" alt=\"Nabo\u017ce\u0144stwo do Matki Piekarskiej na Feliks\u00f3wce\" \/>\r\n\t\t\t<\/a>\r\n\t\t<\/div>\r\n\t\t\t\t<div class=\"bdp-post-margin-content\">\r\n\t\t\t\r\n\t\t\t<h2 class=\"bdp-post-title\">\r\n\t\t\t\t<a href=\"https:\/\/parafiakrywald.pl\/?p=3122\">Nabo\u017ce\u0144stwo do Matki Piekarskiej na Feliks\u00f3wce<\/a>\r\n\t\t\t<\/h2>\r\n\r\n\t\t\t\t\t\t\t<div class=\"bdp-post-meta\">\r\n\t\t\t\t\t\t\t\t\t\t\t<span class=\"bdp-post-meta-innr bdp-time\"> 20 maja 2025 <\/span>\r\n\t\t\t\t\t\t\t\t\t<\/div>\r\n\t\t\t\t\t<\/div>\r\n\t<\/div>\r\n<\/div><div class=\"bdp-post-grid bdp-medium-12 bdp-columns \">\r\n\t<div class=\"bdp-post-grid-content \">\r\n\t\t\t\t<div class=\"bdp-post-image-bg\">\r\n\t\t\t<a href=\"https:\/\/parafiakrywald.pl\/?p=3103\">\r\n\t\t\t\t<img decoding=\"async\" src=\"https:\/\/parafiakrywald.pl\/wp-content\/uploads\/2025\/05\/pielgrzymka_logo-1024x813.jpg\" alt=\"Pielgrzymka m\u0119\u017cczyzn do MB Piekarskiej\" \/>\r\n\t\t\t<\/a>\r\n\t\t<\/div>\r\n\t\t\t\t<div class=\"bdp-post-margin-content\">\r\n\t\t\t\r\n\t\t\t<h2 class=\"bdp-post-title\">\r\n\t\t\t\t<a href=\"https:\/\/parafiakrywald.pl\/?p=3103\">Pielgrzymka m\u0119\u017cczyzn do MB Piekarskiej<\/a>\r\n\t\t\t<\/h2>\r\n\r\n\t\t\t\t\t\t\t<div class=\"bdp-post-meta\">\r\n\t\t\t\t\t\t\t\t\t\t\t<span class=\"bdp-post-meta-innr bdp-time\"> 10 maja 2025 <\/span>\r\n\t\t\t\t\t\t\t\t\t<\/div>\r\n\t\t\t\t\t<\/div>\r\n\t<\/div>\r\n<\/div><div class=\"bdp-post-grid bdp-medium-12 bdp-columns \">\r\n\t<div class=\"bdp-post-grid-content \">\r\n\t\t\t\t<div class=\"bdp-post-image-bg\">\r\n\t\t\t<a href=\"https:\/\/parafiakrywald.pl\/?p=3096\">\r\n\t\t\t\t<img decoding=\"async\" src=\"https:\/\/parafiakrywald.pl\/wp-content\/uploads\/2025\/05\/xLeon-XIV.jpg.pagespeed.ic_.CUxpRIKSto.webp\" alt=\"Modlitwa za nowego Papie\u017ca\" \/>\r\n\t\t\t<\/a>\r\n\t\t<\/div>\r\n\t\t\t\t<div class=\"bdp-post-margin-content\">\r\n\t\t\t\r\n\t\t\t<h2 class=\"bdp-post-title\">\r\n\t\t\t\t<a href=\"https:\/\/parafiakrywald.pl\/?p=3096\">Modlitwa za nowego Papie\u017ca<\/a>\r\n\t\t\t<\/h2>\r\n\r\n\t\t\t\t\t\t\t<div class=\"bdp-post-meta\">\r\n\t\t\t\t\t\t\t\t\t\t\t<span class=\"bdp-post-meta-innr bdp-time\"> 10 maja 2025 <\/span>\r\n\t\t\t\t\t\t\t\t\t<\/div>\r\n\t\t\t\t\t<\/div>\r\n\t<\/div>\r\n<\/div><div class=\"bdp-post-grid bdp-medium-12 bdp-columns \">\r\n\t<div class=\"bdp-post-grid-content \">\r\n\t\t\t\t<div class=\"bdp-post-image-bg\">\r\n\t\t\t<a href=\"https:\/\/parafiakrywald.pl\/?p=3086\">\r\n\t\t\t\t<img decoding=\"async\" src=\"https:\/\/parafiakrywald.pl\/wp-content\/uploads\/2025\/04\/pielgrzymka-1-1024x776.jpg\" alt=\"Pielgrzymka parafialna na G\u00f3r\u0119 \u015awi\u0119tej Anny\" \/>\r\n\t\t\t<\/a>\r\n\t\t<\/div>\r\n\t\t\t\t<div class=\"bdp-post-margin-content\">\r\n\t\t\t\r\n\t\t\t<h2 class=\"bdp-post-title\">\r\n\t\t\t\t<a href=\"https:\/\/parafiakrywald.pl\/?p=3086\">Pielgrzymka parafialna na G\u00f3r\u0119 \u015awi\u0119tej Anny<\/a>\r\n\t\t\t<\/h2>\r\n\r\n\t\t\t\t\t\t\t<div class=\"bdp-post-meta\">\r\n\t\t\t\t\t\t\t\t\t\t\t<span class=\"bdp-post-meta-innr bdp-time\"> 27 kwietnia 2025 <\/span>\r\n\t\t\t\t\t\t\t\t\t<\/div>\r\n\t\t\t\t\t<\/div>\r\n\t<\/div>\r\n<\/div><div class=\"bdp-post-grid bdp-medium-12 bdp-columns \">\r\n\t<div class=\"bdp-post-grid-content \">\r\n\t\t\t\t<div class=\"bdp-post-image-bg\">\r\n\t\t\t<a href=\"https:\/\/parafiakrywald.pl\/?p=3080\">\r\n\t\t\t\t<img decoding=\"async\" src=\"https:\/\/parafiakrywald.pl\/wp-content\/uploads\/2024\/05\/R3A0152-1024x683.jpg\" alt=\"Uroczysto\u015b\u0107 Pierwszej Komunii \u015awi\u0119tej\" \/>\r\n\t\t\t<\/a>\r\n\t\t<\/div>\r\n\t\t\t\t<div class=\"bdp-post-margin-content\">\r\n\t\t\t\r\n\t\t\t<h2 class=\"bdp-post-title\">\r\n\t\t\t\t<a href=\"https:\/\/parafiakrywald.pl\/?p=3080\">Uroczysto\u015b\u0107 Pierwszej Komunii \u015awi\u0119tej<\/a>\r\n\t\t\t<\/h2>\r\n\r\n\t\t\t\t\t\t\t<div class=\"bdp-post-meta\">\r\n\t\t\t\t\t\t\t\t\t\t\t<span class=\"bdp-post-meta-innr bdp-time\"> 26 kwietnia 2025 <\/span>\r\n\t\t\t\t\t\t\t\t\t<\/div>\r\n\t\t\t\t\t<\/div>\r\n\t<\/div>\r\n<\/div><div class=\"bdp-post-grid bdp-medium-12 bdp-columns \">\r\n\t<div class=\"bdp-post-grid-content \">\r\n\t\t\t\t<div class=\"bdp-post-image-bg\">\r\n\t\t\t<a href=\"https:\/\/parafiakrywald.pl\/?p=3070\">\r\n\t\t\t\t<img decoding=\"async\" src=\"https:\/\/parafiakrywald.pl\/wp-content\/uploads\/2024\/04\/BozyGrob2024-1024x588.jpg\" alt=\"Adoracja przy Bo\u017cym Grobie\" \/>\r\n\t\t\t<\/a>\r\n\t\t<\/div>\r\n\t\t\t\t<div class=\"bdp-post-margin-content\">\r\n\t\t\t\r\n\t\t\t<h2 class=\"bdp-post-title\">\r\n\t\t\t\t<a href=\"https:\/\/parafiakrywald.pl\/?p=3070\">Adoracja przy Bo\u017cym Grobie<\/a>\r\n\t\t\t<\/h2>\r\n\r\n\t\t\t\t\t\t\t<div class=\"bdp-post-meta\">\r\n\t\t\t\t\t\t\t\t\t\t\t<span class=\"bdp-post-meta-innr bdp-time\"> 16 kwietnia 2025 <\/span>\r\n\t\t\t\t\t\t\t\t\t<\/div>\r\n\t\t\t\t\t<\/div>\r\n\t<\/div>\r\n<\/div><div class=\"bdp-post-grid bdp-medium-12 bdp-columns \">\r\n\t<div class=\"bdp-post-grid-content \">\r\n\t\t\t\t<div class=\"bdp-post-image-bg\">\r\n\t\t\t<a href=\"https:\/\/parafiakrywald.pl\/?p=3065\">\r\n\t\t\t\t<img decoding=\"async\" src=\"https:\/\/parafiakrywald.pl\/wp-content\/uploads\/2023\/04\/resurrection-of-jesus-christ-g92f6f581a_1920-1024x657.jpg\" alt=\"\u015awi\u0119te Triduum Paschalne 2025r.\" \/>\r\n\t\t\t<\/a>\r\n\t\t<\/div>\r\n\t\t\t\t<div class=\"bdp-post-margin-content\">\r\n\t\t\t\r\n\t\t\t<h2 class=\"bdp-post-title\">\r\n\t\t\t\t<a href=\"https:\/\/parafiakrywald.pl\/?p=3065\">\u015awi\u0119te Triduum Paschalne 2025r.<\/a>\r\n\t\t\t<\/h2>\r\n\r\n\t\t\t\t\t\t\t<div class=\"bdp-post-meta\">\r\n\t\t\t\t\t\t\t\t\t\t\t<span class=\"bdp-post-meta-innr bdp-time\"> 12 kwietnia 2025 <\/span>\r\n\t\t\t\t\t\t\t\t\t<\/div>\r\n\t\t\t\t\t<\/div>\r\n\t<\/div>\r\n<\/div>\t\t<\/div>\r\n\r\n\t\t\t\t\t<div class=\"bdp-post-pagination bdp-clearfix\">\r\n\t\t\t\t<span aria-current=\"page\" class=\"page-numbers current\">1<\/span>\n<a class=\"page-numbers\" href=\"https:\/\/parafiakrywald.pl\/index.php?rest_route=%2Fwp%2Fv2%2Fpages%2F232&#038;paged=2\">2<\/a>\n<a class=\"page-numbers\" href=\"https:\/\/parafiakrywald.pl\/index.php?rest_route=%2Fwp%2Fv2%2Fpages%2F232&#038;paged=3\">3<\/a>\n<span class=\"page-numbers dots\">&hellip;<\/span>\n<a class=\"page-numbers\" href=\"https:\/\/parafiakrywald.pl\/index.php?rest_route=%2Fwp%2Fv2%2Fpages%2F232&#038;paged=6\">6<\/a>\n<a class=\"next page-numbers\" href=\"https:\/\/parafiakrywald.pl\/index.php?rest_route=%2Fwp%2Fv2%2Fpages%2F232&#038;paged=2\">Nast\u0119pna \u00bb &raquo;<\/a>\t\t\t<\/div>\r\n\t\t\n","protected":false},"excerpt":{"rendered":"","protected":false},"author":1,"featured_media":0,"parent":0,"menu_order":0,"comment_status":"closed","ping_status":"closed","template":"","meta":{"site-sidebar-layout":"right-sidebar","site-content-layout":"default","ast-site-content-layout":"default","site-content-style":"default","site-sidebar-style":"default","ast-global-header-display":"","ast-banner-title-visibility":"","ast-main-header-display":"","ast-hfb-above-header-display":"","ast-hfb-below-header-display":"","ast-hfb-mobile-header-display":"","site-post-title":"","ast-breadcrumbs-content":"","ast-featured-img":"","footer-sml-layout":"","theme-transparent-header-meta":"default","adv-header-id-meta":"","stick-header-meta":"","header-above-stick-meta":"","header-main-stick-meta":"","header-below-stick-meta":"","astra-migrate-meta-layouts":"set","ast-page-background-enabled":"default","ast-page-background-meta":{"desktop":{"background-color":"","background-image":"","background-repeat":"repeat","background-position":"center center","background-size":"auto","background-attachment":"scroll","background-type":"","background-media":"","overlay-type":"","overlay-color":"","overlay-opacity":"","overlay-gradient":""},"tablet":{"background-color":"","background-image":"","background-repeat":"repeat","background-position":"center center","background-size":"auto","background-attachment":"scroll","background-type":"","background-media":"","overlay-type":"","overlay-color":"","overlay-opacity":"","overlay-gradient":""},"mobile":{"background-color":"","background-image":"","background-repeat":"repeat","background-position":"center center","background-size":"auto","background-attachment":"scroll","background-type":"","background-media":"","overlay-type":"","overlay-color":"","overlay-opacity":"","overlay-gradient":""}},"ast-content-background-meta":{"desktop":{"background-color":"var(--ast-global-color-5)","background-image":"","background-repeat":"repeat","background-position":"center center","background-size":"auto","background-attachment":"scroll","background-type":"","background-media":"","overlay-type":"","overlay-color":"","overlay-opacity":"","overlay-gradient":""},"tablet":{"background-color":"var(--ast-global-color-5)","background-image":"","background-repeat":"repeat","background-position":"center center","background-size":"auto","background-attachment":"scroll","background-type":"","background-media":"","overlay-type":"","overlay-color":"","overlay-opacity":"","overlay-gradient":""},"mobile":{"background-color":"var(--ast-global-color-5)","background-image":"","background-repeat":"repeat","background-position":"center center","background-size":"auto","background-attachment":"scroll","background-type":"","background-media":"","overlay-type":"","overlay-color":"","overlay-opacity":"","overlay-gradient":""}},"footnotes":""},"class_list":["post-232","page","type-page","status-publish","hentry"],"_links":{"self":[{"href":"https:\/\/parafiakrywald.pl\/index.php?rest_route=\/wp\/v2\/pages\/232","targetHints":{"allow":["GET"]}}],"collection":[{"href":"https:\/\/parafiakrywald.pl\/index.php?rest_route=\/wp\/v2\/pages"}],"about":[{"href":"https:\/\/parafiakrywald.pl\/index.php?rest_route=\/wp\/v2\/types\/page"}],"author":[{"embeddable":true,"href":"https:\/\/parafiakrywald.pl\/index.php?rest_route=\/wp\/v2\/users\/1"}],"replies":[{"embeddable":true,"href":"https:\/\/parafiakrywald.pl\/index.php?rest_route=%2Fwp%2Fv2%2Fcomments&post=232"}],"version-history":[{"count":3,"href":"https:\/\/parafiakrywald.pl\/index.php?rest_route=\/wp\/v2\/pages\/232\/revisions"}],"predecessor-version":[{"id":2798,"href":"https:\/\/parafiakrywald.pl\/index.php?rest_route=\/wp\/v2\/pages\/232\/revisions\/2798"}],"wp:attachment":[{"href":"https:\/\/parafiakrywald.pl\/index.php?rest_route=%2Fwp%2Fv2%2Fmedia&parent=232"}],"curies":[{"name":"wp","href":"https:\/\/api.w.org\/{rel}","templated":true}]}}