{"id":29,"date":"2021-05-09T22:32:03","date_gmt":"2021-05-09T20:32:03","guid":{"rendered":"http:\/\/parafiakrywald.pl\/?page_id=29"},"modified":"2021-05-25T13:11:18","modified_gmt":"2021-05-25T11:11:18","slug":"swiety-antoni","status":"publish","type":"page","link":"https:\/\/parafiakrywald.pl\/?page_id=29","title":{"rendered":"\u015awi\u0119ty Antoni"},"content":{"rendered":"\t\t<div data-elementor-type=\"wp-page\" data-elementor-id=\"29\" class=\"elementor elementor-29\">\n\t\t\t\t\t\t<section class=\"elementor-section elementor-top-section elementor-element elementor-element-d2cf19c elementor-section-boxed elementor-section-height-default elementor-section-height-default\" data-id=\"d2cf19c\" data-element_type=\"section\">\n\t\t\t\t\t\t<div class=\"elementor-container elementor-column-gap-default\">\n\t\t\t\t\t<div class=\"elementor-column elementor-col-100 elementor-top-column elementor-element elementor-element-9c560eb\" data-id=\"9c560eb\" data-element_type=\"column\">\n\t\t\t<div class=\"elementor-widget-wrap elementor-element-populated\">\n\t\t\t\t\t\t<div class=\"elementor-element elementor-element-eef9b74 elementor-widget elementor-widget-text-editor\" data-id=\"eef9b74\" data-element_type=\"widget\" data-widget_type=\"text-editor.default\">\n\t\t\t\t<div class=\"elementor-widget-container\">\n\t\t\t\t\t\t\t<p><strong>Modlitwa do \u015awi\u0119tego Antoniego<\/strong><\/p><p>\u015awi\u0119ty Antoni, wielki nasz Patronie, prosimy ci\u0119 pokornie,<br \/>aby\u015b z wysoko\u015bci swej chwa\u0142y wejrza\u0142 na nas i przyszed\u0142 nam z pomoc\u0105.<br \/>Ty pomagasz wszystkim, kt\u00f3rzy wzywaj\u0105 twego po\u015brednictwa i prosz\u0105 o opiek\u0119.<br \/>Nie odrzucaj i naszych ufnych pr\u00f3\u015bb, ale wspomagaj nas w naszych troskach i k\u0142opotach.<br \/>Twoi czciciele znaj\u0105 twe skuteczne wstawiennictwo w odnalezieniu rzeczy zgubionych, ochronie przed z\u0142odziejami,<br \/>opiece nad podr\u00f3\u017cuj\u0105cymi, niesieniu ulgi w cierpieniu chorym, biednym i zak\u0142opotanym.<br \/>Z ufno\u015bci\u0105 b\u0142agamy, spraw, aby\u015bmy dzi\u0119ki twej opiece mieli zawsze siln\u0105 wiar\u0119,<br \/>pracowali nad popraw\u0105 \u017cycia i pomno\u017ceniem \u0142aski u\u015bwi\u0119caj\u0105cej.<br \/>Polecaj nas Naj\u015bwi\u0119tszej Maryi, Matce Bo\u017cej, kt\u00f3rej zawdzi\u0119czasz szczeg\u00f3ln\u0105 pomoc w pracy dla zbawienia ludzi.<br \/>Ty wiesz, jak s\u0142abi i n\u0119dzni jeste\u015bmy, wiesz najlepiej, jakie z\u0142o zewsz\u0105d nas otacza i jak bardzo potrzebujemy twej pomocy.<br \/>Prosimy ci\u0119, \u015bwi\u0119ty Antoni, aby\u015b nas wspomaga\u0142 w \u017cyciu i kierowa\u0142 ku dobremu Bogu.<br \/>Wspieraj wszystkich, kt\u00f3rzy zwracaj\u0105 si\u0119 do ciebie w swych potrzebach i troskach.<br \/>Niech wszyscy odczuwaj\u0105 twoj\u0105 opiek\u0119 i doznaj\u0105 twej pomocy,<br \/>wielbi\u0105c Boga Ojca i Syna i Ducha \u015awi\u0119tego. Amen.<\/p>\t\t\t\t\t\t<\/div>\n\t\t\t\t<\/div>\n\t\t\t\t<div class=\"elementor-element elementor-element-250cd8a elementor-widget-divider--view-line elementor-widget elementor-widget-divider\" data-id=\"250cd8a\" data-element_type=\"widget\" data-widget_type=\"divider.default\">\n\t\t\t\t<div class=\"elementor-widget-container\">\n\t\t\t\t\t<div class=\"elementor-divider\">\n\t\t\t<span class=\"elementor-divider-separator\">\n\t\t\t\t\t\t<\/span>\n\t\t<\/div>\n\t\t\t\t<\/div>\n\t\t\t\t<\/div>\n\t\t\t\t<div class=\"elementor-element elementor-element-505eab8 elementor-widget elementor-widget-text-editor\" data-id=\"505eab8\" data-element_type=\"widget\" data-widget_type=\"text-editor.default\">\n\t\t\t\t<div class=\"elementor-widget-container\">\n\t\t\t\t\t\t\t<p><strong>Litania do \u015bwi\u0119tego Antoniego<\/strong><\/p><p>Kyrie, eleison! Chryste, elejson!<br \/>Chryste, us\u0142ysz nas! Chryste, wys\u0142uchaj nas!<br \/>Ojcze z nieba, Bo\u017ce &#8211; zmi\u0142uj si\u0119 nad nami!<br \/>Synu, Odkupicielu \u015bwiata, Bo\u017ce,<br \/>Duchu \u015awi\u0119ty, Bo\u017ce,<br \/>\u015awi\u0119ta Tr\u00f3jco, jedyny Bo\u017ce,<br \/>\u015awi\u0119ty Antoni, Padewski &#8211; m\u00f3dl si\u0119 za nami!<br \/>\u015awi\u0119ty Antoni, Mi\u0142o\u015bniku Dzieci\u0105tka Jezus,<br \/>\u015awi\u0119ty Antoni, S\u0142ugo Matki Niepokalanej,<br \/>\u015awi\u0119ty Antoni, Wierny synu \u015bwi\u0119tego Franciszka,<br \/>\u015awi\u0119ty Antoni, M\u0119\u017cu wytrwa\u0142ej modlitwy,<br \/>\u015awi\u0119ty Antoni, Per\u0142o ub\u00f3stwa,<br \/>\u015awi\u0119ty Antoni, Czysto\u015bci przyk\u0142adzie,<br \/>\u015awi\u0119ty Antoni, Wzorze pos\u0142usze\u0144stwa,<br \/>\u015awi\u0119ty Antoni, Mi\u0142o\u015bniku \u017cycia ukrytego,<br \/>\u015awi\u0119ty Antoni, Gardz\u0105cy chwa\u0142\u0105 ziemsk\u0105,<br \/>\u015awi\u0119ty Antoni, Mi\u0142o\u015bci Bo\u017cej rycerzu,<br \/>\u015awi\u0119ty Antoni, Wielko\u015bci\u0105 cn\u00f3t ja\u015bniej\u0105cy,<br \/>\u015awi\u0119ty Antoni, Kap\u0142anie wed\u0142ug Serca Bo\u017cego,<br \/>\u015awi\u0119ty Antoni, Za wiar\u0119 gotowy na m\u0119cze\u0144stwo,<br \/>\u015awi\u0119ty Antoni, Doktorze Ko\u015bcio\u0142a \u015bwi\u0119tego,<br \/>\u015awi\u0119ty Antoni, Dusz ludzkich apostole,<br \/>\u015awi\u0119ty Antoni, Bojowniku wiary,<br \/>\u015awi\u0119ty Antoni, Nauczycielu Prawdy<br \/>\u015awi\u0119ty Antoni, M\u0142ocie heretyk\u00f3w<br \/>\u015awi\u0119ty Antoni, Skarbnico Pisma \u015bwi\u0119tego<br \/>\u015awi\u0119ty Antoni, Pot\u0119\u017cny kaznodziejo Chrystusowy<br \/>\u015awi\u0119ty Antoni, Nawracaj\u0105cy grzesznik\u00f3w,<br \/>\u015awi\u0119ty Antoni, Pogromco wyst\u0119pk\u00f3w,<br \/>\u015awi\u0119ty Antoni, Aniele pokoju,<br \/>\u015awi\u0119ty Antoni, Odnowicielu dobrych obyczaj\u00f3w,<br \/>\u015awi\u0119ty Antoni, Serc ludzkich zwyci\u0119zco,<br \/>\u015awi\u0119ty Antoni, Opiekunie uci\u015bnionych,<br \/>\u015awi\u0119ty Antoni, Postrachu z\u0142ych duch\u00f3w,<br \/>\u015awi\u0119ty Antoni, Wskrzeszaj\u0105cy umar\u0142ych ,<br \/>\u015awi\u0119ty Antoni, Rzeczy zgubionych patronie,<br \/>\u015awi\u0119ty Antoni, Chwalebny cudotw\u00f3rco,<br \/>\u015awi\u0119ty Antoni, \u015awi\u0119ty ca\u0142ego \u015bwiata ,<br \/>\u015awi\u0119ty Antoni, Ozdobo zakonu serafickiego,<br \/>\u015awi\u0119ty Antoni, Wesele dworu niebieskiego,<br \/>\u015awi\u0119ty Antoni, \u0141askawy u Boga nasz po\u015bredniku.<\/p><p>Baranku Bo\u017cy, kt\u00f3ry g\u0142adzisz grzechy \u015bwiata, przepu\u015b\u0107 nam Panie!<br \/>Baranku Bo\u017cy, kt\u00f3ry g\u0142adzisz grzechy \u015bwiata, wys\u0142uchaj nas Panie!<br \/>Baranku Bo\u017cy, kt\u00f3ry g\u0142adzisz grzechy \u015bwiata, zmi\u0142uj si\u0119 nad nami!<\/p><p>\u00a0<\/p>\t\t\t\t\t\t<\/div>\n\t\t\t\t<\/div>\n\t\t\t\t<div class=\"elementor-element elementor-element-1c00846 elementor-widget-divider--view-line elementor-widget elementor-widget-divider\" data-id=\"1c00846\" data-element_type=\"widget\" data-widget_type=\"divider.default\">\n\t\t\t\t<div class=\"elementor-widget-container\">\n\t\t\t\t\t<div class=\"elementor-divider\">\n\t\t\t<span class=\"elementor-divider-separator\">\n\t\t\t\t\t\t<\/span>\n\t\t<\/div>\n\t\t\t\t<\/div>\n\t\t\t\t<\/div>\n\t\t\t\t<div class=\"elementor-element elementor-element-6832464 elementor-widget elementor-widget-text-editor\" data-id=\"6832464\" data-element_type=\"widget\" data-widget_type=\"text-editor.default\">\n\t\t\t\t<div class=\"elementor-widget-container\">\n\t\t\t\t\t\t\t<p><strong>Pie\u015bni do \u015bwi\u0119tego Antoniego:<\/strong><\/p><p>1. B\u0105d\u017a pozdrowiony przemo\u017cny Patronie,<br \/>\u015awi\u0119ty Antoni, kt\u00f3rego obronie<br \/>\/ Z ufno\u015bci\u0105 wielk\u0105 dzi\u015b si\u0119 polecamy<br \/>W potrzebach naszych pomocy wzywamy. \/2<\/p><p>2. Ty\u015b opiekunem, bratem, przyjacielem,<br \/>Ty\u015b przewodnikiem i nauczycielem<br \/>\/ Niech z Tw\u0105 pomoc\u0105, pewni Twej opieki,<br \/>Idziemy \u015bmia\u0142o w \u015bwiat Bo\u017cy daleki. \/2<\/p><p>3. Wypro\u015b pokor\u0119, czysto\u015b\u0107 sercu memu<br \/>Niech zawsze s\u0142u\u017c\u0119 wiernie Panu memu<br \/>\/ Prowad\u017a mnie drog\u0105 co wiedzie do nieba<br \/>Naucz jak walczy\u0107 i zwyci\u0119\u017ca\u0107 trzeba. \/2<\/p><p>**************************<\/p><p>1. Kl\u0119czymy przed Tob\u0105 pokorni<br \/>Patronie nasz \u015awi\u0119ty Antoni<br \/>Twa dobro\u0107 ws\u0142awiona przez wieki<br \/>Przed mrokiem niech serca nam broni<br \/>Ref. \u015awi\u0119ty Antoni dobry bracie<br \/>\u0141askami \u017cycie nam wzbogacasz (2x)<\/p><p>2. Twa lito\u015b\u0107 tak znana ka\u017cdemu<br \/>Kto wzywa Twej \u015bwi\u0119tej pomocy<br \/>Niech p\u0142onie nadziej\u0105 s\u0142onecznie<br \/>W\u015br\u00f3d burzy dni naszych i nocy.<br \/>Ref. \u015awi\u0119ty Antoni dobry bracie<br \/>\u0141askami \u017cycie nam wzbogacasz (2x)<\/p><p>**************************<\/p><p>1. \u015awi\u0119ty Antoni cudotw\u00f3rco Bo\u017cy<br \/>Ja Ciebie wzywam gdy serce si\u0119 trwo\u017cy<br \/>\/ Gdy moj\u0105 dusz\u0119 t\u0119sknota napadanie<br \/>Kiedy grom pokus ci\u0119\u017ckich na ni\u0105 spadnie. \/2<\/p><p>2. Kiedy do pracy jestem zniech\u0119cony<br \/>Gdy jestem smutny albo zrozpaczony<br \/>\/ Wtedy do Ciebie wznosz\u0119 swe b\u0142aganie<br \/>Ty si\u0119 litujesz dajesz pos\u0142uchanie. \/2<\/p><p>3. Wi\u0119c Ci\u0119 dzi\u015b b\u0142agam, o \u015awi\u0119ty Patronie<br \/>Niech zn\u00f3w mi\u0142o\u015bci\u0105 serce me zap\u0142onie<br \/>\/ Niech mi si\u0119 wszystko czarnym nie wydaje<br \/>Tw\u00f3j niech mi przyk\u0142ad prze oczami staje. \/2<\/p><p>**************************<\/p><p>\u015awi\u0119ty Antoni patronie nasz,<br \/>\u015awi\u0119ty Antoni patronie nasz,<br \/>M\u00f3dl si\u0119, m\u00f3dl si\u0119, m\u00f3dl si\u0119 za nami.<\/p>\t\t\t\t\t\t<\/div>\n\t\t\t\t<\/div>\n\t\t\t\t\t<\/div>\n\t\t<\/div>\n\t\t\t\t\t<\/div>\n\t\t<\/section>\n\t\t\t\t<\/div>\n\t\t","protected":false},"excerpt":{"rendered":"<p>Modlitwa do \u015awi\u0119tego Antoniego \u015awi\u0119ty Antoni, wielki nasz Patronie, prosimy ci\u0119 pokornie,aby\u015b z wysoko\u015bci swej chwa\u0142y wejrza\u0142 na nas i przyszed\u0142 nam z pomoc\u0105.Ty pomagasz wszystkim, kt\u00f3rzy wzywaj\u0105 twego po\u015brednictwa i prosz\u0105 o opiek\u0119.Nie odrzucaj i naszych ufnych pr\u00f3\u015bb, ale wspomagaj nas w naszych troskach i k\u0142opotach.Twoi czciciele znaj\u0105 twe skuteczne wstawiennictwo w odnalezieniu rzeczy [&hellip;]<\/p>\n","protected":false},"author":1,"featured_media":0,"parent":0,"menu_order":0,"comment_status":"closed","ping_status":"closed","template":"","meta":{"site-sidebar-layout":"no-sidebar","site-content-layout":"page-builder","ast-site-content-layout":"","site-content-style":"default","site-sidebar-style":"default","ast-global-header-display":"","ast-banner-title-visibility":"","ast-main-header-display":"","ast-hfb-above-header-display":"","ast-hfb-below-header-display":"","ast-hfb-mobile-header-display":"","site-post-title":"disabled","ast-breadcrumbs-content":"","ast-featured-img":"disabled","footer-sml-layout":"","theme-transparent-header-meta":"","adv-header-id-meta":"","stick-header-meta":"","header-above-stick-meta":"","header-main-stick-meta":"","header-below-stick-meta":"","astra-migrate-meta-layouts":"default","ast-page-background-enabled":"default","ast-page-background-meta":{"desktop":{"background-color":"","background-image":"","background-repeat":"repeat","background-position":"center center","background-size":"auto","background-attachment":"scroll","background-type":"","background-media":"","overlay-type":"","overlay-color":"","overlay-opacity":"","overlay-gradient":""},"tablet":{"background-color":"","background-image":"","background-repeat":"repeat","background-position":"center center","background-size":"auto","background-attachment":"scroll","background-type":"","background-media":"","overlay-type":"","overlay-color":"","overlay-opacity":"","overlay-gradient":""},"mobile":{"background-color":"","background-image":"","background-repeat":"repeat","background-position":"center center","background-size":"auto","background-attachment":"scroll","background-type":"","background-media":"","overlay-type":"","overlay-color":"","overlay-opacity":"","overlay-gradient":""}},"ast-content-background-meta":{"desktop":{"background-color":"var(--ast-global-color-5)","background-image":"","background-repeat":"repeat","background-position":"center center","background-size":"auto","background-attachment":"scroll","background-type":"","background-media":"","overlay-type":"","overlay-color":"","overlay-opacity":"","overlay-gradient":""},"tablet":{"background-color":"var(--ast-global-color-5)","background-image":"","background-repeat":"repeat","background-position":"center center","background-size":"auto","background-attachment":"scroll","background-type":"","background-media":"","overlay-type":"","overlay-color":"","overlay-opacity":"","overlay-gradient":""},"mobile":{"background-color":"var(--ast-global-color-5)","background-image":"","background-repeat":"repeat","background-position":"center center","background-size":"auto","background-attachment":"scroll","background-type":"","background-media":"","overlay-type":"","overlay-color":"","overlay-opacity":"","overlay-gradient":""}},"footnotes":""},"class_list":["post-29","page","type-page","status-publish","hentry"],"_links":{"self":[{"href":"https:\/\/parafiakrywald.pl\/index.php?rest_route=\/wp\/v2\/pages\/29","targetHints":{"allow":["GET"]}}],"collection":[{"href":"https:\/\/parafiakrywald.pl\/index.php?rest_route=\/wp\/v2\/pages"}],"about":[{"href":"https:\/\/parafiakrywald.pl\/index.php?rest_route=\/wp\/v2\/types\/page"}],"author":[{"embeddable":true,"href":"https:\/\/parafiakrywald.pl\/index.php?rest_route=\/wp\/v2\/users\/1"}],"replies":[{"embeddable":true,"href":"https:\/\/parafiakrywald.pl\/index.php?rest_route=%2Fwp%2Fv2%2Fcomments&post=29"}],"version-history":[{"count":22,"href":"https:\/\/parafiakrywald.pl\/index.php?rest_route=\/wp\/v2\/pages\/29\/revisions"}],"predecessor-version":[{"id":401,"href":"https:\/\/parafiakrywald.pl\/index.php?rest_route=\/wp\/v2\/pages\/29\/revisions\/401"}],"wp:attachment":[{"href":"https:\/\/parafiakrywald.pl\/index.php?rest_route=%2Fwp%2Fv2%2Fmedia&parent=29"}],"curies":[{"name":"wp","href":"https:\/\/api.w.org\/{rel}","templated":true}]}}