{"id":30,"date":"2021-05-09T22:32:04","date_gmt":"2021-05-09T20:32:04","guid":{"rendered":"http:\/\/parafiakrywald.pl\/?page_id=30"},"modified":"2021-05-30T12:34:19","modified_gmt":"2021-05-30T10:34:19","slug":"piekna-madonna","status":"publish","type":"page","link":"https:\/\/parafiakrywald.pl\/?page_id=30","title":{"rendered":"Pi\u0119kna Madonna"},"content":{"rendered":"\t\t<div data-elementor-type=\"wp-page\" data-elementor-id=\"30\" class=\"elementor elementor-30\">\n\t\t\t\t\t\t<section class=\"elementor-section elementor-top-section elementor-element elementor-element-74cbacc elementor-section-boxed elementor-section-height-default elementor-section-height-default\" data-id=\"74cbacc\" data-element_type=\"section\">\n\t\t\t\t\t\t<div class=\"elementor-container elementor-column-gap-default\">\n\t\t\t\t\t<div class=\"elementor-column elementor-col-100 elementor-top-column elementor-element elementor-element-b82c300\" data-id=\"b82c300\" data-element_type=\"column\">\n\t\t\t<div class=\"elementor-widget-wrap elementor-element-populated\">\n\t\t\t\t\t\t<div class=\"elementor-element elementor-element-d3221bd elementor-widget elementor-widget-heading\" data-id=\"d3221bd\" data-element_type=\"widget\" data-widget_type=\"heading.default\">\n\t\t\t\t<div class=\"elementor-widget-container\">\n\t\t\t<h2 class=\"elementor-heading-title elementor-size-default\">Pi\u0119kna Madonna z Knurowa<\/h2>\t\t<\/div>\n\t\t\t\t<\/div>\n\t\t\t\t<section class=\"elementor-section elementor-inner-section elementor-element elementor-element-375cc5f elementor-section-boxed elementor-section-height-default elementor-section-height-default\" data-id=\"375cc5f\" data-element_type=\"section\">\n\t\t\t\t\t\t<div class=\"elementor-container elementor-column-gap-default\">\n\t\t\t\t\t<div class=\"elementor-column elementor-col-50 elementor-inner-column elementor-element elementor-element-e3b652d\" data-id=\"e3b652d\" data-element_type=\"column\">\n\t\t\t<div class=\"elementor-widget-wrap elementor-element-populated\">\n\t\t\t\t\t\t<div class=\"elementor-element elementor-element-d5cecf5 elementor-widget elementor-widget-text-editor\" data-id=\"d5cecf5\" data-element_type=\"widget\" data-widget_type=\"text-editor.default\">\n\t\t\t\t<div class=\"elementor-widget-container\">\n\t\t\t\t\t\t\t<p>Knurowska figura Matki Bo\u017cej z 1420 r. nale\u017cy do jednej z najpi\u0119kniejszych rze\u017ab tzw. Pi\u0119knych Madonn z okresu \u015bredniowiecza. Jest typowym przyk\u0142adem figury o\u0142tarzowej, o czym \u015bwiadczy p\u0142aski ty\u0142 rze\u017aby. Przez prawie 600 lat Pi\u0119kna Madonna by\u0142a obiektem zawierzenia i kultu wielu pokole\u0144 mieszka\u0144c\u00f3w Knurowa. Stanowi\u0142a wystr\u00f3j drewnianego knurowskiego ko\u015bcio\u0142a \u015bw. Wawrzy\u0144ca obok rze\u017ab &#8211; \u015bw. Anny Samotrzeciej i \u015bw. Wawrzy\u0144ca.<\/p><p>Orygina\u0142 Pi\u0119knej Madonny znajduje si\u0119 w Muzeum \u015al\u0105skim w Katowicach na wystawie sztuki sakralnej, kt\u00f3ra zosta\u0142a otwarta 20 grudnia 2015r.<\/p><p>Madonna jest m\u0142oda i pi\u0119kna, cz\u0119sto o wysmuk\u0142ych proporcjach i niedu\u017cej g\u0142owie. Jej cia\u0142o wygi\u0119te jest esowato i okryte obficie drapowan\u0105 szat\u0105 cz\u0119sto o delikatnie \u0142ami\u0105cych si\u0119 fa\u0142dach, kt\u00f3re maj\u0105 w pe\u0142ni dekoracyjny charakter. Dzieci\u0105tko trzyma na jednym r\u0119ku. Typ Pi\u0119knej Madonny charakteryzuje si\u0119 daleko id\u0105c\u0105 sublimacj\u0105, idealizacj\u0105, liryzmem, cz\u0119sto wyrafinowanym gestem. Trzymany przez Dzieci\u0105tko owoc granatu w chrze\u015bcija\u0144skiej ikonografii jest symbolem b\u0142ogos\u0142awie\u0144stwa, \u0142aski i dar\u00f3w Bo\u017cych. Niezwyk\u0142a jest podstawa tej knurowskiej rze\u017aby. Matka Boska stoi na ksi\u0119\u017cycu symbolizuj\u0105cym moce piekielne, a wi\u0119c na&#8230; twarzy diab\u0142a. Ta pe\u0142na ekspresji brzydota twarzy szatana, kt\u00f3rego depcze, kontrastuje z urod\u0105 Madonny.<\/p><p>6 czerwca 2009 r. nast\u0105pi\u0142a uroczysto\u015b\u0107 intronizacji figury &#8211; Pi\u0119kna Madonna powr\u00f3ci\u0142a do Knurowa, by zaj\u0105\u0107 nale\u017cne jej miejsce w najstarszej knurowskiej \u015bwi\u0105tyni &#8211; w parafii p.w. \u015bwi\u0119tego Antoniego z Padwy. Uroczysto\u015b\u0107 powitania i intronizacji figury Matki Bo\u017cej cieszy\u0142a si\u0119 niezwykle wielkim zainteresowaniem mieszka\u0144c\u00f3w naszego miasta, kt\u00f3rzy w sobotni wiecz\u00f3r wype\u0142nili najstarszy knurowski ko\u015bci\u00f3\u0142ek. Matce Bo\u017cej nadano tytu\u0142 Matki Pi\u0119knej Mi\u0142o\u015bci. Wprowadzenia figury do parafii oraz jej po\u015bwi\u0119cenia dokona\u0142 ksi\u0105dz arcybiskup Damian Zimo\u0144, Metropolita Katowicki.<\/p><p>W wigili\u0119 parafialnego Odpustu, 12 czerwca 2010 r. o godzinie 17.00, w pierwsz\u0105 rocznic\u0119 intronizacji figury Pi\u0119knej Madonny, odby\u0142a si\u0119 uroczysta Msza \u015awi\u0119ta i nabo\u017ce\u0144stwo do Matki Pi\u0119knej Mi\u0142o\u015bci. Po Nabo\u017ce\u0144stwie na placu ko\u015bcielnym odby\u0142a si\u0119 ceremonia posadzenia drzew pob\u0142ogos\u0142awionych przez Ojca \u015awi\u0119tego Benedykta XVI. Zosta\u0142y posadzone trzy papieskie drzewa. Trzy wyj\u0105tkowe drzewa, zosta\u0142y podarowane przez Nadle\u015bnictwo Rudziniec oraz Nadle\u015bnictwo Rybik, s\u0105 to sosna piska, sosna Taborska oraz \u015bwierk istebnia\u0144ski.\u00a0<\/p><p>12 VI 2010 r. odby\u0142 si\u0119 odpust Parafialny po\u0142\u0105czony z I rocznic\u0105 intronizacji figury. Dzi\u0119ki hojno\u015bci Parafian z Krywa\u0142du uda\u0142o si\u0119 stworzy\u0107 boczn\u0105 kaplic\u0119 &#8211; Matki Pi\u0119knej Mi\u0142o\u015bci. Podczas uroczystej sumy odpustowej o godz. 11.00 sprawowanej w intencji wszystkich Parafian i Dobrodziej\u00f3w Ko\u015bcio\u0142a zosta\u0142 po\u015bwi\u0119cony nowy o\u0142tarz, w kt\u00f3rym zosta\u0142a umieszona figura Matki Pi\u0119knej Mi\u0142o\u015bci. Eucharystii przewodniczy\u0142 oraz po\u015bwi\u0119cenia dokona\u0142 ks. pra\u0142. dr Marian Wandrasz, archidiecezjalny duszpasterz rodzin.<\/p><p>W sobot\u0119 25 maja 2013r. nasza wsp\u00f3lnota parafialna prze\u017cy\u0142a uroczyste wprowadzenie relikwii \u015bwi\u0119tego Jana Paw\u0142a II do naszego ko\u015bcio\u0142a. O relikwie I stopnia &#8211; kropl\u0119 krwi Jana Paw\u0142a II &#8211; postarali si\u0119 mieszka\u0144cy Knurowa wraz z Proboszczem parafii u metropolity krakowskiego ks. kard. Stanis\u0142awa Dziwisza. Relikwiarz w kszta\u0142cie serca wyrze\u017abionego z w\u0119gla wykona\u0142 miejscowy rze\u017abiarz. Nad ozdobnym naczy\u0144kiem z kropl\u0105 krwi b\u0142ogos\u0142awionego papie\u017ca, zamieszczono s\u0142owa &#8222;Totus Tuus&#8221;, za\u015b na odwrocie relikwiarza &#8211; herb papieski i g\u00f3rnicze symbole &#8222;pyrlik i \u017celozko&#8221;.<\/p>\t\t\t\t\t\t<\/div>\n\t\t\t\t<\/div>\n\t\t\t\t\t<\/div>\n\t\t<\/div>\n\t\t\t\t<div class=\"elementor-column elementor-col-50 elementor-inner-column elementor-element elementor-element-d862701\" data-id=\"d862701\" data-element_type=\"column\">\n\t\t\t<div class=\"elementor-widget-wrap elementor-element-populated\">\n\t\t\t\t\t\t<div class=\"elementor-element elementor-element-06869d0 elementor-widget elementor-widget-image\" data-id=\"06869d0\" data-element_type=\"widget\" data-widget_type=\"image.default\">\n\t\t\t\t<div class=\"elementor-widget-container\">\n\t\t\t\t\t\t\t\t\t\t\t\t\t<img fetchpriority=\"high\" decoding=\"async\" width=\"1364\" height=\"2048\" src=\"https:\/\/parafiakrywald.pl\/wp-content\/uploads\/2021\/05\/DSC_8072-3.jpg\" class=\"attachment-full size-full wp-image-804\" alt=\"\" srcset=\"https:\/\/parafiakrywald.pl\/wp-content\/uploads\/2021\/05\/DSC_8072-3.jpg 1364w, https:\/\/parafiakrywald.pl\/wp-content\/uploads\/2021\/05\/DSC_8072-3-200x300.jpg 200w, https:\/\/parafiakrywald.pl\/wp-content\/uploads\/2021\/05\/DSC_8072-3-682x1024.jpg 682w, https:\/\/parafiakrywald.pl\/wp-content\/uploads\/2021\/05\/DSC_8072-3-768x1153.jpg 768w, https:\/\/parafiakrywald.pl\/wp-content\/uploads\/2021\/05\/DSC_8072-3-1023x1536.jpg 1023w\" sizes=\"(max-width: 1364px) 100vw, 1364px\" \/>\t\t\t\t\t\t\t\t\t\t\t\t\t<\/div>\n\t\t\t\t<\/div>\n\t\t\t\t<div class=\"elementor-element elementor-element-7965e53 elementor-widget elementor-widget-image\" data-id=\"7965e53\" data-element_type=\"widget\" data-widget_type=\"image.default\">\n\t\t\t\t<div class=\"elementor-widget-container\">\n\t\t\t\t\t\t\t\t\t\t\t\t\t<img decoding=\"async\" width=\"648\" height=\"886\" src=\"https:\/\/parafiakrywald.pl\/wp-content\/uploads\/2021\/05\/poswiecenie-drzew.jpg\" class=\"attachment-large size-large wp-image-318\" alt=\"\" srcset=\"https:\/\/parafiakrywald.pl\/wp-content\/uploads\/2021\/05\/poswiecenie-drzew.jpg 648w, https:\/\/parafiakrywald.pl\/wp-content\/uploads\/2021\/05\/poswiecenie-drzew-219x300.jpg 219w\" sizes=\"(max-width: 648px) 100vw, 648px\" \/>\t\t\t\t\t\t\t\t\t\t\t\t\t<\/div>\n\t\t\t\t<\/div>\n\t\t\t\t<div class=\"elementor-element elementor-element-65c1b14 elementor-widget elementor-widget-image\" data-id=\"65c1b14\" data-element_type=\"widget\" data-widget_type=\"image.default\">\n\t\t\t\t<div class=\"elementor-widget-container\">\n\t\t\t\t\t\t\t\t\t\t\t\t\t<img decoding=\"async\" width=\"767\" height=\"1024\" src=\"https:\/\/parafiakrywald.pl\/wp-content\/uploads\/2021\/05\/Schowek01-767x1024.jpg\" class=\"attachment-large size-large wp-image-670\" alt=\"\" srcset=\"https:\/\/parafiakrywald.pl\/wp-content\/uploads\/2021\/05\/Schowek01-767x1024.jpg 767w, https:\/\/parafiakrywald.pl\/wp-content\/uploads\/2021\/05\/Schowek01-225x300.jpg 225w, https:\/\/parafiakrywald.pl\/wp-content\/uploads\/2021\/05\/Schowek01-768x1026.jpg 768w, https:\/\/parafiakrywald.pl\/wp-content\/uploads\/2021\/05\/Schowek01-1150x1536.jpg 1150w, https:\/\/parafiakrywald.pl\/wp-content\/uploads\/2021\/05\/Schowek01-1533x2048.jpg 1533w, https:\/\/parafiakrywald.pl\/wp-content\/uploads\/2021\/05\/Schowek01-scaled.jpg 1916w\" sizes=\"(max-width: 767px) 100vw, 767px\" \/>\t\t\t\t\t\t\t\t\t\t\t\t\t<\/div>\n\t\t\t\t<\/div>\n\t\t\t\t<div class=\"elementor-element elementor-element-5afbfb1 elementor-widget elementor-widget-image\" data-id=\"5afbfb1\" data-element_type=\"widget\" data-widget_type=\"image.default\">\n\t\t\t\t<div class=\"elementor-widget-container\">\n\t\t\t\t\t\t\t\t\t\t\t\t\t<img loading=\"lazy\" decoding=\"async\" width=\"1703\" height=\"2560\" src=\"https:\/\/parafiakrywald.pl\/wp-content\/uploads\/2021\/05\/relikwie-Jana-Pawla-II-scaled.jpg\" class=\"attachment-full size-full wp-image-295\" alt=\"\" srcset=\"https:\/\/parafiakrywald.pl\/wp-content\/uploads\/2021\/05\/relikwie-Jana-Pawla-II-scaled.jpg 1703w, https:\/\/parafiakrywald.pl\/wp-content\/uploads\/2021\/05\/relikwie-Jana-Pawla-II-200x300.jpg 200w, https:\/\/parafiakrywald.pl\/wp-content\/uploads\/2021\/05\/relikwie-Jana-Pawla-II-681x1024.jpg 681w, https:\/\/parafiakrywald.pl\/wp-content\/uploads\/2021\/05\/relikwie-Jana-Pawla-II-768x1154.jpg 768w, https:\/\/parafiakrywald.pl\/wp-content\/uploads\/2021\/05\/relikwie-Jana-Pawla-II-1022x1536.jpg 1022w, https:\/\/parafiakrywald.pl\/wp-content\/uploads\/2021\/05\/relikwie-Jana-Pawla-II-1363x2048.jpg 1363w\" sizes=\"(max-width: 1703px) 100vw, 1703px\" \/>\t\t\t\t\t\t\t\t\t\t\t\t\t<\/div>\n\t\t\t\t<\/div>\n\t\t\t\t\t<\/div>\n\t\t<\/div>\n\t\t\t\t\t<\/div>\n\t\t<\/section>\n\t\t\t\t\t<\/div>\n\t\t<\/div>\n\t\t\t\t\t<\/div>\n\t\t<\/section>\n\t\t\t\t<\/div>\n\t\t","protected":false},"excerpt":{"rendered":"<p>Pi\u0119kna Madonna z Knurowa Knurowska figura Matki Bo\u017cej z 1420 r. nale\u017cy do jednej z najpi\u0119kniejszych rze\u017ab tzw. Pi\u0119knych Madonn z okresu \u015bredniowiecza. Jest typowym przyk\u0142adem figury o\u0142tarzowej, o czym \u015bwiadczy p\u0142aski ty\u0142 rze\u017aby. Przez prawie 600 lat Pi\u0119kna Madonna by\u0142a obiektem zawierzenia i kultu wielu pokole\u0144 mieszka\u0144c\u00f3w Knurowa. Stanowi\u0142a wystr\u00f3j drewnianego knurowskiego ko\u015bcio\u0142a \u015bw. [&hellip;]<\/p>\n","protected":false},"author":1,"featured_media":0,"parent":0,"menu_order":0,"comment_status":"closed","ping_status":"closed","template":"","meta":{"site-sidebar-layout":"no-sidebar","site-content-layout":"page-builder","ast-site-content-layout":"","site-content-style":"default","site-sidebar-style":"default","ast-global-header-display":"","ast-banner-title-visibility":"","ast-main-header-display":"","ast-hfb-above-header-display":"","ast-hfb-below-header-display":"","ast-hfb-mobile-header-display":"","site-post-title":"disabled","ast-breadcrumbs-content":"","ast-featured-img":"disabled","footer-sml-layout":"","theme-transparent-header-meta":"","adv-header-id-meta":"","stick-header-meta":"","header-above-stick-meta":"","header-main-stick-meta":"","header-below-stick-meta":"","astra-migrate-meta-layouts":"default","ast-page-background-enabled":"default","ast-page-background-meta":{"desktop":{"background-color":"","background-image":"","background-repeat":"repeat","background-position":"center center","background-size":"auto","background-attachment":"scroll","background-type":"","background-media":"","overlay-type":"","overlay-color":"","overlay-opacity":"","overlay-gradient":""},"tablet":{"background-color":"","background-image":"","background-repeat":"repeat","background-position":"center center","background-size":"auto","background-attachment":"scroll","background-type":"","background-media":"","overlay-type":"","overlay-color":"","overlay-opacity":"","overlay-gradient":""},"mobile":{"background-color":"","background-image":"","background-repeat":"repeat","background-position":"center center","background-size":"auto","background-attachment":"scroll","background-type":"","background-media":"","overlay-type":"","overlay-color":"","overlay-opacity":"","overlay-gradient":""}},"ast-content-background-meta":{"desktop":{"background-color":"var(--ast-global-color-5)","background-image":"","background-repeat":"repeat","background-position":"center center","background-size":"auto","background-attachment":"scroll","background-type":"","background-media":"","overlay-type":"","overlay-color":"","overlay-opacity":"","overlay-gradient":""},"tablet":{"background-color":"var(--ast-global-color-5)","background-image":"","background-repeat":"repeat","background-position":"center center","background-size":"auto","background-attachment":"scroll","background-type":"","background-media":"","overlay-type":"","overlay-color":"","overlay-opacity":"","overlay-gradient":""},"mobile":{"background-color":"var(--ast-global-color-5)","background-image":"","background-repeat":"repeat","background-position":"center center","background-size":"auto","background-attachment":"scroll","background-type":"","background-media":"","overlay-type":"","overlay-color":"","overlay-opacity":"","overlay-gradient":""}},"footnotes":""},"class_list":["post-30","page","type-page","status-publish","hentry"],"_links":{"self":[{"href":"https:\/\/parafiakrywald.pl\/index.php?rest_route=\/wp\/v2\/pages\/30","targetHints":{"allow":["GET"]}}],"collection":[{"href":"https:\/\/parafiakrywald.pl\/index.php?rest_route=\/wp\/v2\/pages"}],"about":[{"href":"https:\/\/parafiakrywald.pl\/index.php?rest_route=\/wp\/v2\/types\/page"}],"author":[{"embeddable":true,"href":"https:\/\/parafiakrywald.pl\/index.php?rest_route=\/wp\/v2\/users\/1"}],"replies":[{"embeddable":true,"href":"https:\/\/parafiakrywald.pl\/index.php?rest_route=%2Fwp%2Fv2%2Fcomments&post=30"}],"version-history":[{"count":13,"href":"https:\/\/parafiakrywald.pl\/index.php?rest_route=\/wp\/v2\/pages\/30\/revisions"}],"predecessor-version":[{"id":807,"href":"https:\/\/parafiakrywald.pl\/index.php?rest_route=\/wp\/v2\/pages\/30\/revisions\/807"}],"wp:attachment":[{"href":"https:\/\/parafiakrywald.pl\/index.php?rest_route=%2Fwp%2Fv2%2Fmedia&parent=30"}],"curies":[{"name":"wp","href":"https:\/\/api.w.org\/{rel}","templated":true}]}}